{"id":25186,"date":"2025-10-04T13:09:45","date_gmt":"2025-10-04T18:09:45","guid":{"rendered":"https:\/\/tiendaflex.ec\/?post_type=product&#038;p=25186"},"modified":"2025-10-12T12:14:09","modified_gmt":"2025-10-12T17:14:09","slug":"mochila-pequena-xiaomi","status":"publish","type":"product","link":"https:\/\/tiendaflex.ec\/en\/product\/mochila-pequena-xiaomi\/","title":{"rendered":"MOCHILA PEQUE\u00d1A XIAOMI"},"content":{"rendered":"","protected":false},"excerpt":{"rendered":"<p>Lleva tus objetos personales con estilo y comodidad. Ideal para el d\u00eda a d\u00eda, ligera y pr\u00e1ctica para todas tus aventuras.<\/p>\n<p>\u2714\ufe0f Estilo casual y aspecto elegante<br \/>\n\u2714\ufe0f Material: Poli\u00e9ster resistente<br \/>\n\u2714\ufe0f Dise\u00f1o resistente al agua<br \/>\n\u2714\ufe0f Bolsillo lateral para botella de agua<br \/>\n\u2714\ufe0f Tama\u00f1o: 38 x 19 x 10 cm<\/p>\n<p>\ud83d\udcf2 Contacto: +593984123231<\/p>\n<p>\u2728 \u00a1Practicidad y estilo en una sola mochila! \u2728<\/p>","protected":false},"featured_media":25166,"comment_status":"open","ping_status":"closed","template":"","meta":{"_acf_changed":false},"product_brand":[],"product_cat":[753],"product_tag":[],"class_list":{"0":"post-25186","1":"product","2":"type-product","3":"status-publish","4":"has-post-thumbnail","6":"product_cat-mochilas-y-bolsos","8":"first","9":"instock","10":"sale","11":"taxable","12":"shipping-taxable","13":"purchasable","14":"product-type-simple"},"acf":[],"_links":{"self":[{"href":"https:\/\/tiendaflex.ec\/en\/wp-json\/wp\/v2\/product\/25186","targetHints":{"allow":["GET"]}}],"collection":[{"href":"https:\/\/tiendaflex.ec\/en\/wp-json\/wp\/v2\/product"}],"about":[{"href":"https:\/\/tiendaflex.ec\/en\/wp-json\/wp\/v2\/types\/product"}],"replies":[{"embeddable":true,"href":"https:\/\/tiendaflex.ec\/en\/wp-json\/wp\/v2\/comments?post=25186"}],"version-history":[{"count":1,"href":"https:\/\/tiendaflex.ec\/en\/wp-json\/wp\/v2\/product\/25186\/revisions"}],"predecessor-version":[{"id":25187,"href":"https:\/\/tiendaflex.ec\/en\/wp-json\/wp\/v2\/product\/25186\/revisions\/25187"}],"wp:featuredmedia":[{"embeddable":true,"href":"https:\/\/tiendaflex.ec\/en\/wp-json\/wp\/v2\/media\/25166"}],"wp:attachment":[{"href":"https:\/\/tiendaflex.ec\/en\/wp-json\/wp\/v2\/media?parent=25186"}],"wp:term":[{"taxonomy":"product_brand","embeddable":true,"href":"https:\/\/tiendaflex.ec\/en\/wp-json\/wp\/v2\/product_brand?post=25186"},{"taxonomy":"product_cat","embeddable":true,"href":"https:\/\/tiendaflex.ec\/en\/wp-json\/wp\/v2\/product_cat?post=25186"},{"taxonomy":"product_tag","embeddable":true,"href":"https:\/\/tiendaflex.ec\/en\/wp-json\/wp\/v2\/product_tag?post=25186"}],"curies":[{"name":"wp","href":"https:\/\/api.w.org\/{rel}","templated":true}]}}