{"id":25160,"date":"2025-10-04T12:57:53","date_gmt":"2025-10-04T17:57:53","guid":{"rendered":"https:\/\/tiendaflex.ec\/?post_type=product&#038;p=25160"},"modified":"2025-10-04T12:57:53","modified_gmt":"2025-10-04T17:57:53","slug":"medidor-de-comida-para-mascotas","status":"publish","type":"product","link":"https:\/\/tiendaflex.ec\/en\/product\/medidor-de-comida-para-mascotas\/","title":{"rendered":"MEDIDOR DE COMIDA PARA MASCOTAS"},"content":{"rendered":"","protected":false},"excerpt":{"rendered":"<p>Controla las porciones y cuida la salud de tus peludos con este cuenco inteligente Pawbby. Ideal para prevenir la obesidad y mantener una dieta balanceada.<\/p>\n<p>\u2714\ufe0f C\u00f3digo: 27-01-028<br \/>\n\u2714\ufe0f Modelo: MG-ZN001-EU<br \/>\n\u2714\ufe0f Sincronizaci\u00f3n con tu tel\u00e9fono v\u00eda Bluetooth 5.0<br \/>\n\u2714\ufe0f Alimentaci\u00f3n: 3 bater\u00edas AA de 1,5 V<br \/>\n\u2714\ufe0f Material: ABS + acero inoxidable<br \/>\n\u2714\ufe0f Dise\u00f1o pr\u00e1ctico y resistente<\/p>\n<p>\ud83d\udcf2 Contacto: +593984123231<\/p>\n<p>\u2728 \u00a1Alimentaci\u00f3n precisa y saludable para tus mascotas!<\/p>","protected":false},"featured_media":25168,"comment_status":"open","ping_status":"closed","template":"","meta":{"_acf_changed":false},"product_brand":[],"product_cat":[549,747],"product_tag":[],"class_list":{"0":"post-25160","1":"product","2":"type-product","3":"status-publish","4":"has-post-thumbnail","6":"product_cat-electrodomesticos","7":"product_cat-mascotas","9":"first","10":"instock","11":"sale","12":"taxable","13":"shipping-taxable","14":"purchasable","15":"product-type-simple"},"acf":[],"_links":{"self":[{"href":"https:\/\/tiendaflex.ec\/en\/wp-json\/wp\/v2\/product\/25160","targetHints":{"allow":["GET"]}}],"collection":[{"href":"https:\/\/tiendaflex.ec\/en\/wp-json\/wp\/v2\/product"}],"about":[{"href":"https:\/\/tiendaflex.ec\/en\/wp-json\/wp\/v2\/types\/product"}],"replies":[{"embeddable":true,"href":"https:\/\/tiendaflex.ec\/en\/wp-json\/wp\/v2\/comments?post=25160"}],"version-history":[{"count":2,"href":"https:\/\/tiendaflex.ec\/en\/wp-json\/wp\/v2\/product\/25160\/revisions"}],"predecessor-version":[{"id":25178,"href":"https:\/\/tiendaflex.ec\/en\/wp-json\/wp\/v2\/product\/25160\/revisions\/25178"}],"wp:featuredmedia":[{"embeddable":true,"href":"https:\/\/tiendaflex.ec\/en\/wp-json\/wp\/v2\/media\/25168"}],"wp:attachment":[{"href":"https:\/\/tiendaflex.ec\/en\/wp-json\/wp\/v2\/media?parent=25160"}],"wp:term":[{"taxonomy":"product_brand","embeddable":true,"href":"https:\/\/tiendaflex.ec\/en\/wp-json\/wp\/v2\/product_brand?post=25160"},{"taxonomy":"product_cat","embeddable":true,"href":"https:\/\/tiendaflex.ec\/en\/wp-json\/wp\/v2\/product_cat?post=25160"},{"taxonomy":"product_tag","embeddable":true,"href":"https:\/\/tiendaflex.ec\/en\/wp-json\/wp\/v2\/product_tag?post=25160"}],"curies":[{"name":"wp","href":"https:\/\/api.w.org\/{rel}","templated":true}]}}