{"id":25136,"date":"2025-10-02T21:29:11","date_gmt":"2025-10-03T02:29:11","guid":{"rendered":"https:\/\/tiendaflex.ec\/?post_type=product&#038;p=25136"},"modified":"2025-10-02T21:29:12","modified_gmt":"2025-10-03T02:29:12","slug":"n300-repetidor-mi-wifi","status":"publish","type":"product","link":"https:\/\/tiendaflex.ec\/en\/product\/n300-repetidor-mi-wifi\/","title":{"rendered":"N300 &#8211; REPETIDOR MI WIFI"},"content":{"rendered":"","protected":false},"excerpt":{"rendered":"<p>REPETIDOR MI WIFI N300 BLANCO XIAOMI\ud83d\udca1\ud83d\udcf6<\/p>\n<p>Ampl\u00eda tu se\u00f1al Wi-Fi de manera confiable y r\u00e1pida.<\/p>\n<p>\u2714\ufe0f Modelo: RD10M<br \/>\n\u2714\ufe0f 2 antenas externas para mejor cobertura<br \/>\n\u2714\ufe0f Velocidad de se\u00f1al 2,4 GHz, hasta 300 Mbps<br \/>\n\u2714\ufe0f Dimensiones: 80 x 54 x 70 mm<br \/>\n\u2714\ufe0f Color: blanco<\/p>\n<p>\ud83d\udcf2 Contacto: +593984123231<\/p>\n<p>\u2728 Mant\u00e9n tu conexi\u00f3n estable en toda tu casa \u2728<\/p>","protected":false},"featured_media":25121,"comment_status":"open","ping_status":"closed","template":"","meta":{"_acf_changed":false},"product_brand":[],"product_cat":[676,547],"product_tag":[],"class_list":{"0":"post-25136","1":"product","2":"type-product","3":"status-publish","4":"has-post-thumbnail","6":"product_cat-equipos-de-red","7":"product_cat-tecnologia-del-hogar","9":"first","10":"instock","11":"sale","12":"taxable","13":"shipping-taxable","14":"purchasable","15":"product-type-simple"},"acf":[],"_links":{"self":[{"href":"https:\/\/tiendaflex.ec\/en\/wp-json\/wp\/v2\/product\/25136","targetHints":{"allow":["GET"]}}],"collection":[{"href":"https:\/\/tiendaflex.ec\/en\/wp-json\/wp\/v2\/product"}],"about":[{"href":"https:\/\/tiendaflex.ec\/en\/wp-json\/wp\/v2\/types\/product"}],"replies":[{"embeddable":true,"href":"https:\/\/tiendaflex.ec\/en\/wp-json\/wp\/v2\/comments?post=25136"}],"version-history":[{"count":1,"href":"https:\/\/tiendaflex.ec\/en\/wp-json\/wp\/v2\/product\/25136\/revisions"}],"predecessor-version":[{"id":25137,"href":"https:\/\/tiendaflex.ec\/en\/wp-json\/wp\/v2\/product\/25136\/revisions\/25137"}],"wp:featuredmedia":[{"embeddable":true,"href":"https:\/\/tiendaflex.ec\/en\/wp-json\/wp\/v2\/media\/25121"}],"wp:attachment":[{"href":"https:\/\/tiendaflex.ec\/en\/wp-json\/wp\/v2\/media?parent=25136"}],"wp:term":[{"taxonomy":"product_brand","embeddable":true,"href":"https:\/\/tiendaflex.ec\/en\/wp-json\/wp\/v2\/product_brand?post=25136"},{"taxonomy":"product_cat","embeddable":true,"href":"https:\/\/tiendaflex.ec\/en\/wp-json\/wp\/v2\/product_cat?post=25136"},{"taxonomy":"product_tag","embeddable":true,"href":"https:\/\/tiendaflex.ec\/en\/wp-json\/wp\/v2\/product_tag?post=25136"}],"curies":[{"name":"wp","href":"https:\/\/api.w.org\/{rel}","templated":true}]}}