{"id":25116,"date":"2025-10-02T21:24:43","date_gmt":"2025-10-03T02:24:43","guid":{"rendered":"https:\/\/tiendaflex.ec\/?post_type=product&#038;p=25116"},"modified":"2025-10-02T21:24:43","modified_gmt":"2025-10-03T02:24:43","slug":"bascula-para-cocina","status":"publish","type":"product","link":"https:\/\/tiendaflex.ec\/en\/product\/bascula-para-cocina\/","title":{"rendered":"B\u00c1SCULA PARA COCINA"},"content":{"rendered":"","protected":false},"excerpt":{"rendered":"<p>B\u00c1SCULA PARA COCINA DE ALTA PRECISI\u00d3N ATUMAN ES2 XIAOMI\ud83c\udf73\u2696\ufe0f<\/p>\n<p>Cocina con exactitud y facilidad en cada receta.<\/p>\n<p>\u2714\ufe0f Vidrio templado de alta resistencia<br \/>\n\u2714\ufe0f Pantalla digital LED de 3,23 pulgadas<br \/>\n\u2714\ufe0f Tipo de escala: DIGITAL<br \/>\n\u2714\ufe0f Bater\u00eda: 450 mAh<br \/>\n\u2714\ufe0f F\u00e1cil de operar<br \/>\n\u2714\ufe0f Color: negro<\/p>\n<p>\ud83d\udcf2 Contacto: +593984123231<\/p>\n<p>\u2728 Precisi\u00f3n y comodidad en cada preparaci\u00f3n \u2728<\/p>","protected":false},"featured_media":25124,"comment_status":"open","ping_status":"closed","template":"","meta":{"_acf_changed":false},"product_brand":[],"product_cat":[549,594],"product_tag":[],"class_list":{"0":"post-25116","1":"product","2":"type-product","3":"status-publish","4":"has-post-thumbnail","6":"product_cat-electrodomesticos","7":"product_cat-electromenores","9":"first","10":"instock","11":"sale","12":"taxable","13":"shipping-taxable","14":"purchasable","15":"product-type-simple"},"acf":[],"_links":{"self":[{"href":"https:\/\/tiendaflex.ec\/en\/wp-json\/wp\/v2\/product\/25116","targetHints":{"allow":["GET"]}}],"collection":[{"href":"https:\/\/tiendaflex.ec\/en\/wp-json\/wp\/v2\/product"}],"about":[{"href":"https:\/\/tiendaflex.ec\/en\/wp-json\/wp\/v2\/types\/product"}],"replies":[{"embeddable":true,"href":"https:\/\/tiendaflex.ec\/en\/wp-json\/wp\/v2\/comments?post=25116"}],"version-history":[{"count":1,"href":"https:\/\/tiendaflex.ec\/en\/wp-json\/wp\/v2\/product\/25116\/revisions"}],"predecessor-version":[{"id":25132,"href":"https:\/\/tiendaflex.ec\/en\/wp-json\/wp\/v2\/product\/25116\/revisions\/25132"}],"wp:featuredmedia":[{"embeddable":true,"href":"https:\/\/tiendaflex.ec\/en\/wp-json\/wp\/v2\/media\/25124"}],"wp:attachment":[{"href":"https:\/\/tiendaflex.ec\/en\/wp-json\/wp\/v2\/media?parent=25116"}],"wp:term":[{"taxonomy":"product_brand","embeddable":true,"href":"https:\/\/tiendaflex.ec\/en\/wp-json\/wp\/v2\/product_brand?post=25116"},{"taxonomy":"product_cat","embeddable":true,"href":"https:\/\/tiendaflex.ec\/en\/wp-json\/wp\/v2\/product_cat?post=25116"},{"taxonomy":"product_tag","embeddable":true,"href":"https:\/\/tiendaflex.ec\/en\/wp-json\/wp\/v2\/product_tag?post=25116"}],"curies":[{"name":"wp","href":"https:\/\/api.w.org\/{rel}","templated":true}]}}