{"id":25112,"date":"2025-10-02T17:57:50","date_gmt":"2025-10-02T22:57:50","guid":{"rendered":"https:\/\/tiendaflex.ec\/?post_type=product&#038;p=25112"},"modified":"2026-04-20T12:15:53","modified_gmt":"2026-04-20T17:15:53","slug":"humidificador-2-lite","status":"publish","type":"product","link":"https:\/\/tiendaflex.ec\/en\/product\/humidificador-2-lite\/","title":{"rendered":"HUMIDIFICADOR 2 LITE"},"content":{"rendered":"","protected":false},"excerpt":{"rendered":"<p>HUMIDIFICADOR 2 LITE XIAOMI\ud83c\udf3f\ud83d\udca7<\/p>\n<p>Mant\u00e9n tu hogar con la humedad ideal y un ambiente saludable.<\/p>\n<p>\u2714\ufe0f Modelo: MJJSQ06DY<br \/>\n\u2714\ufe0f Capacidad del tanque: 4 litros<br \/>\n\u2714\ufe0f Efecto antibacteriano con iones de plata<br \/>\n\u2714\ufe0f Salidas dobles a vapor para cobertura de 360\u00b0<br \/>\n\u2714\ufe0f Operaci\u00f3n con bot\u00f3n el\u00e9ctrico<br \/>\n\u2714\ufe0f Color: blanco<\/p>\n<p>\ud83d\udcf2 Contacto: +593984123231<\/p>\n<p>\u2728 Disfruta de un ambiente fresco y libre de bacterias \u2728<\/p>","protected":false},"featured_media":25086,"comment_status":"open","ping_status":"closed","template":"","meta":{"_acf_changed":false},"product_brand":[],"product_cat":[745,633],"product_tag":[],"class_list":{"0":"post-25112","1":"product","2":"type-product","3":"status-publish","4":"has-post-thumbnail","6":"product_cat-humificadores","7":"product_cat-tecnologia","9":"first","10":"instock","11":"sale","12":"taxable","13":"shipping-taxable","14":"purchasable","15":"product-type-simple"},"acf":[],"_links":{"self":[{"href":"https:\/\/tiendaflex.ec\/en\/wp-json\/wp\/v2\/product\/25112","targetHints":{"allow":["GET"]}}],"collection":[{"href":"https:\/\/tiendaflex.ec\/en\/wp-json\/wp\/v2\/product"}],"about":[{"href":"https:\/\/tiendaflex.ec\/en\/wp-json\/wp\/v2\/types\/product"}],"replies":[{"embeddable":true,"href":"https:\/\/tiendaflex.ec\/en\/wp-json\/wp\/v2\/comments?post=25112"}],"version-history":[{"count":1,"href":"https:\/\/tiendaflex.ec\/en\/wp-json\/wp\/v2\/product\/25112\/revisions"}],"predecessor-version":[{"id":25113,"href":"https:\/\/tiendaflex.ec\/en\/wp-json\/wp\/v2\/product\/25112\/revisions\/25113"}],"wp:featuredmedia":[{"embeddable":true,"href":"https:\/\/tiendaflex.ec\/en\/wp-json\/wp\/v2\/media\/25086"}],"wp:attachment":[{"href":"https:\/\/tiendaflex.ec\/en\/wp-json\/wp\/v2\/media?parent=25112"}],"wp:term":[{"taxonomy":"product_brand","embeddable":true,"href":"https:\/\/tiendaflex.ec\/en\/wp-json\/wp\/v2\/product_brand?post=25112"},{"taxonomy":"product_cat","embeddable":true,"href":"https:\/\/tiendaflex.ec\/en\/wp-json\/wp\/v2\/product_cat?post=25112"},{"taxonomy":"product_tag","embeddable":true,"href":"https:\/\/tiendaflex.ec\/en\/wp-json\/wp\/v2\/product_tag?post=25112"}],"curies":[{"name":"wp","href":"https:\/\/api.w.org\/{rel}","templated":true}]}}