{"id":25103,"date":"2025-10-02T17:49:31","date_gmt":"2025-10-02T22:49:31","guid":{"rendered":"https:\/\/tiendaflex.ec\/?post_type=product&#038;p=25103"},"modified":"2025-10-02T17:49:32","modified_gmt":"2025-10-02T22:49:32","slug":"encendedor-atuman","status":"publish","type":"product","link":"https:\/\/tiendaflex.ec\/en\/product\/encendedor-atuman\/","title":{"rendered":"ENCENDEDOR ATUMAN"},"content":{"rendered":"","protected":false},"excerpt":{"rendered":"<p>ENCENDEDOR EN FORMA DE L\u00c1PIZ ATUMAN \u270f\ufe0f\ud83d\udd25<\/p>\n<p>Encendido seguro y moderno con estilo innovador.<\/p>\n<p>\u2714\ufe0f Marca: XIAOMI\u2714\ufe0f Encendido por plasma, sin aire ni aceite<br \/>\n\u2714\ufe0f Dise\u00f1o de mango extendido para mayor seguridad<br \/>\n\u2714\ufe0f Material de aleaci\u00f3n de aluminio de alta calidad<br \/>\n\u2714\ufe0f Interfaz de carga: USB tipo C<br \/>\n\u2714\ufe0f Tiempo de carga: 3 horas<\/p>\n<p>\ud83d\udcf2 Contacto: +593984123231<\/p>\n<p>\u2728 Pr\u00e1ctico, seguro y elegante, el encendedor ideal para tu d\u00eda a d\u00eda \u2728<\/p>","protected":false},"featured_media":25081,"comment_status":"open","ping_status":"closed","template":"","meta":{"_acf_changed":false},"product_brand":[],"product_cat":[660,634,633],"product_tag":[],"class_list":{"0":"post-25103","1":"product","2":"type-product","3":"status-publish","4":"has-post-thumbnail","6":"product_cat-mouse","7":"product_cat-tablets","8":"product_cat-tecnologia","10":"first","11":"instock","12":"sale","13":"taxable","14":"shipping-taxable","15":"purchasable","16":"product-type-simple"},"acf":[],"_links":{"self":[{"href":"https:\/\/tiendaflex.ec\/en\/wp-json\/wp\/v2\/product\/25103","targetHints":{"allow":["GET"]}}],"collection":[{"href":"https:\/\/tiendaflex.ec\/en\/wp-json\/wp\/v2\/product"}],"about":[{"href":"https:\/\/tiendaflex.ec\/en\/wp-json\/wp\/v2\/types\/product"}],"replies":[{"embeddable":true,"href":"https:\/\/tiendaflex.ec\/en\/wp-json\/wp\/v2\/comments?post=25103"}],"version-history":[{"count":1,"href":"https:\/\/tiendaflex.ec\/en\/wp-json\/wp\/v2\/product\/25103\/revisions"}],"predecessor-version":[{"id":25104,"href":"https:\/\/tiendaflex.ec\/en\/wp-json\/wp\/v2\/product\/25103\/revisions\/25104"}],"wp:featuredmedia":[{"embeddable":true,"href":"https:\/\/tiendaflex.ec\/en\/wp-json\/wp\/v2\/media\/25081"}],"wp:attachment":[{"href":"https:\/\/tiendaflex.ec\/en\/wp-json\/wp\/v2\/media?parent=25103"}],"wp:term":[{"taxonomy":"product_brand","embeddable":true,"href":"https:\/\/tiendaflex.ec\/en\/wp-json\/wp\/v2\/product_brand?post=25103"},{"taxonomy":"product_cat","embeddable":true,"href":"https:\/\/tiendaflex.ec\/en\/wp-json\/wp\/v2\/product_cat?post=25103"},{"taxonomy":"product_tag","embeddable":true,"href":"https:\/\/tiendaflex.ec\/en\/wp-json\/wp\/v2\/product_tag?post=25103"}],"curies":[{"name":"wp","href":"https:\/\/api.w.org\/{rel}","templated":true}]}}