{"id":25096,"date":"2025-10-02T17:42:48","date_gmt":"2025-10-02T22:42:48","guid":{"rendered":"https:\/\/tiendaflex.ec\/?post_type=product&#038;p=25096"},"modified":"2025-10-02T17:42:48","modified_gmt":"2025-10-02T22:42:48","slug":"s400-balanza-digital","status":"publish","type":"product","link":"https:\/\/tiendaflex.ec\/en\/product\/s400-balanza-digital\/","title":{"rendered":"S400 &#8211; BALANZA DIGITAL"},"content":{"rendered":"","protected":false},"excerpt":{"rendered":"<p>BALANZA DIGITAL MI SMART SCALE S400 XIAOMI \u2728\u2696\ufe0f<\/p>\n<p>Mant\u00e9n el control de tu salud y composici\u00f3n corporal de manera f\u00e1cil y precisa.<\/p>\n<p>\u2714\ufe0f Modelo: MJTZC01YM.<br \/>\n\u2714\ufe0f Conectividad Bluetooth, funciona con la app Mi Fit.<br \/>\n\u2714\ufe0f Funciona con 3 bater\u00edas AAA (no incluidas).<br \/>\n\u2714\ufe0f Dimensiones: 30 x 30 x 2 cm.<br \/>\n\u2714\ufe0f Mide 25 \u00edndices de composici\u00f3n corporal y frecuencia card\u00edaca.<br \/>\n\u2714\ufe0f Almohadilla de electrodos de gran di\u00e1metro para mediciones m\u00e1s precisas.<br \/>\n\u2714\ufe0f Color: blanco.<\/p>\n<p>\ud83d\udcf2 Contacto: +593984123231<\/p>\n<p>\u2728 Lleva un control completo de tu salud con precisi\u00f3n y estilo \u2728<\/p>","protected":false},"featured_media":25072,"comment_status":"open","ping_status":"closed","template":"","meta":{"_acf_changed":false},"product_brand":[],"product_cat":[549,594],"product_tag":[],"class_list":{"0":"post-25096","1":"product","2":"type-product","3":"status-publish","4":"has-post-thumbnail","6":"product_cat-electrodomesticos","7":"product_cat-electromenores","9":"first","10":"instock","11":"sale","12":"taxable","13":"shipping-taxable","14":"purchasable","15":"product-type-simple"},"acf":[],"_links":{"self":[{"href":"https:\/\/tiendaflex.ec\/en\/wp-json\/wp\/v2\/product\/25096","targetHints":{"allow":["GET"]}}],"collection":[{"href":"https:\/\/tiendaflex.ec\/en\/wp-json\/wp\/v2\/product"}],"about":[{"href":"https:\/\/tiendaflex.ec\/en\/wp-json\/wp\/v2\/types\/product"}],"replies":[{"embeddable":true,"href":"https:\/\/tiendaflex.ec\/en\/wp-json\/wp\/v2\/comments?post=25096"}],"version-history":[{"count":1,"href":"https:\/\/tiendaflex.ec\/en\/wp-json\/wp\/v2\/product\/25096\/revisions"}],"predecessor-version":[{"id":25097,"href":"https:\/\/tiendaflex.ec\/en\/wp-json\/wp\/v2\/product\/25096\/revisions\/25097"}],"wp:featuredmedia":[{"embeddable":true,"href":"https:\/\/tiendaflex.ec\/en\/wp-json\/wp\/v2\/media\/25072"}],"wp:attachment":[{"href":"https:\/\/tiendaflex.ec\/en\/wp-json\/wp\/v2\/media?parent=25096"}],"wp:term":[{"taxonomy":"product_brand","embeddable":true,"href":"https:\/\/tiendaflex.ec\/en\/wp-json\/wp\/v2\/product_brand?post=25096"},{"taxonomy":"product_cat","embeddable":true,"href":"https:\/\/tiendaflex.ec\/en\/wp-json\/wp\/v2\/product_cat?post=25096"},{"taxonomy":"product_tag","embeddable":true,"href":"https:\/\/tiendaflex.ec\/en\/wp-json\/wp\/v2\/product_tag?post=25096"}],"curies":[{"name":"wp","href":"https:\/\/api.w.org\/{rel}","templated":true}]}}