{"id":25094,"date":"2025-10-02T17:38:39","date_gmt":"2025-10-02T22:38:39","guid":{"rendered":"https:\/\/tiendaflex.ec\/?post_type=product&#038;p=25094"},"modified":"2025-10-02T17:59:06","modified_gmt":"2025-10-02T22:59:06","slug":"xmxhb02wc-tableta-de-escritura-lcd-13-5","status":"publish","type":"product","link":"https:\/\/tiendaflex.ec\/en\/product\/xmxhb02wc-tableta-de-escritura-lcd-13-5\/","title":{"rendered":"XMXHB02WC &#8211; TABLETA DE ESCRITURA LCD 13.5\u201d"},"content":{"rendered":"","protected":false},"excerpt":{"rendered":"<p>TABLETA DE ESCRITURA LCD 13.5\u201d XMXHB02WC XIAOMI\u2728\ud83d\udcdd<\/p>\n<p>Escribe, dibuja y toma notas de forma pr\u00e1ctica y ecol\u00f3gica con esta tableta digital.<\/p>\n<p>\u2714\ufe0f Pantalla de 13.5\u201d para mayor espacio de escritura.<br \/>\n\u2714\ufe0f L\u00e1piz magn\u00e9tico incluido para precisi\u00f3n y comodidad.<br \/>\n\u2714\ufe0f Bater\u00edas integradas en el equipo, lista para usar.<br \/>\n\u2714\ufe0f Ligera, delgada y f\u00e1cil de transportar a cualquier lugar.<br \/>\n\u2714\ufe0f Bot\u00f3n de bloqueo para proteger tus notas.<br \/>\n\u2714\ufe0f Color: blanco.<\/p>\n<p>\ud83d\udcf2 Contacto: +593984123231<\/p>\n<p>\u2728 Lleva tus ideas y dibujos a donde quieras con esta tableta de escritura LCD \u2728<\/p>","protected":false},"featured_media":25070,"comment_status":"open","ping_status":"closed","template":"","meta":{"_acf_changed":false},"product_brand":[],"product_cat":[634,633],"product_tag":[],"class_list":{"0":"post-25094","1":"product","2":"type-product","3":"status-publish","4":"has-post-thumbnail","6":"product_cat-tablets","7":"product_cat-tecnologia","9":"first","10":"instock","11":"sale","12":"taxable","13":"shipping-taxable","14":"purchasable","15":"product-type-simple"},"acf":[],"_links":{"self":[{"href":"https:\/\/tiendaflex.ec\/en\/wp-json\/wp\/v2\/product\/25094","targetHints":{"allow":["GET"]}}],"collection":[{"href":"https:\/\/tiendaflex.ec\/en\/wp-json\/wp\/v2\/product"}],"about":[{"href":"https:\/\/tiendaflex.ec\/en\/wp-json\/wp\/v2\/types\/product"}],"replies":[{"embeddable":true,"href":"https:\/\/tiendaflex.ec\/en\/wp-json\/wp\/v2\/comments?post=25094"}],"version-history":[{"count":1,"href":"https:\/\/tiendaflex.ec\/en\/wp-json\/wp\/v2\/product\/25094\/revisions"}],"predecessor-version":[{"id":25095,"href":"https:\/\/tiendaflex.ec\/en\/wp-json\/wp\/v2\/product\/25094\/revisions\/25095"}],"wp:featuredmedia":[{"embeddable":true,"href":"https:\/\/tiendaflex.ec\/en\/wp-json\/wp\/v2\/media\/25070"}],"wp:attachment":[{"href":"https:\/\/tiendaflex.ec\/en\/wp-json\/wp\/v2\/media?parent=25094"}],"wp:term":[{"taxonomy":"product_brand","embeddable":true,"href":"https:\/\/tiendaflex.ec\/en\/wp-json\/wp\/v2\/product_brand?post=25094"},{"taxonomy":"product_cat","embeddable":true,"href":"https:\/\/tiendaflex.ec\/en\/wp-json\/wp\/v2\/product_cat?post=25094"},{"taxonomy":"product_tag","embeddable":true,"href":"https:\/\/tiendaflex.ec\/en\/wp-json\/wp\/v2\/product_tag?post=25094"}],"curies":[{"name":"wp","href":"https:\/\/api.w.org\/{rel}","templated":true}]}}