{"id":25090,"date":"2025-10-02T17:34:13","date_gmt":"2025-10-02T22:34:13","guid":{"rendered":"https:\/\/tiendaflex.ec\/?post_type=product&#038;p=25090"},"modified":"2025-10-02T17:34:13","modified_gmt":"2025-10-02T22:34:13","slug":"audifonos-buds-4-active-eu","status":"publish","type":"product","link":"https:\/\/tiendaflex.ec\/en\/product\/audifonos-buds-4-active-eu\/","title":{"rendered":"AUDIFONOS BUDS 4 ACTIVE EU"},"content":{"rendered":"","protected":false},"excerpt":{"rendered":"<p>AUDIFONOS REDMI BUDS 4 ACTIVE EU \ud83c\udfa7<\/p>\n<p>Disfruta de un sonido claro y potente con los Redmi Buds 4 Active, dise\u00f1ados para acompa\u00f1arte todo el d\u00eda con gran autonom\u00eda y comodidad.<\/p>\n<p>\u2714\ufe0f Cancelaci\u00f3n de ruido para llamadas<br \/>\n\u2714\ufe0f Bater\u00eda de larga duraci\u00f3n: hasta 28 horas<br \/>\n\u2714\ufe0f Carga r\u00e1pida para que nunca te quedes sin m\u00fasica<br \/>\n\u2714\ufe0f Bluetooth 5.3, estable y de bajo consumo<br \/>\n\u2714\ufe0f Modo de baja latencia, ideal para juegos<br \/>\n\u2714\ufe0f Control t\u00e1ctil intuitivo<br \/>\n\u2714\ufe0f Resistencia al agua IPX4<\/p>\n<p>\ud83d\udcf2 Contacto: +593984123231<\/p>\n<p>\u2728 Ll\u00e9valos a donde quieras y vive tu m\u00fasica sin interrupciones \u2728<\/p>","protected":false},"featured_media":25078,"comment_status":"open","ping_status":"closed","template":"","meta":{"_acf_changed":false},"product_brand":[],"product_cat":[682,633],"product_tag":[],"class_list":{"0":"post-25090","1":"product","2":"type-product","3":"status-publish","4":"has-post-thumbnail","6":"product_cat-audifonos","7":"product_cat-tecnologia","9":"first","10":"instock","11":"sale","12":"taxable","13":"shipping-taxable","14":"purchasable","15":"product-type-simple"},"acf":[],"_links":{"self":[{"href":"https:\/\/tiendaflex.ec\/en\/wp-json\/wp\/v2\/product\/25090","targetHints":{"allow":["GET"]}}],"collection":[{"href":"https:\/\/tiendaflex.ec\/en\/wp-json\/wp\/v2\/product"}],"about":[{"href":"https:\/\/tiendaflex.ec\/en\/wp-json\/wp\/v2\/types\/product"}],"replies":[{"embeddable":true,"href":"https:\/\/tiendaflex.ec\/en\/wp-json\/wp\/v2\/comments?post=25090"}],"version-history":[{"count":1,"href":"https:\/\/tiendaflex.ec\/en\/wp-json\/wp\/v2\/product\/25090\/revisions"}],"predecessor-version":[{"id":25091,"href":"https:\/\/tiendaflex.ec\/en\/wp-json\/wp\/v2\/product\/25090\/revisions\/25091"}],"wp:featuredmedia":[{"embeddable":true,"href":"https:\/\/tiendaflex.ec\/en\/wp-json\/wp\/v2\/media\/25078"}],"wp:attachment":[{"href":"https:\/\/tiendaflex.ec\/en\/wp-json\/wp\/v2\/media?parent=25090"}],"wp:term":[{"taxonomy":"product_brand","embeddable":true,"href":"https:\/\/tiendaflex.ec\/en\/wp-json\/wp\/v2\/product_brand?post=25090"},{"taxonomy":"product_cat","embeddable":true,"href":"https:\/\/tiendaflex.ec\/en\/wp-json\/wp\/v2\/product_cat?post=25090"},{"taxonomy":"product_tag","embeddable":true,"href":"https:\/\/tiendaflex.ec\/en\/wp-json\/wp\/v2\/product_tag?post=25090"}],"curies":[{"name":"wp","href":"https:\/\/api.w.org\/{rel}","templated":true}]}}