{"id":25068,"date":"2025-10-02T17:13:23","date_gmt":"2025-10-02T22:13:23","guid":{"rendered":"https:\/\/tiendaflex.ec\/?post_type=product&#038;p=25068"},"modified":"2025-10-02T17:13:24","modified_gmt":"2025-10-02T22:13:24","slug":"selfie-stick-xiaomi","status":"publish","type":"product","link":"https:\/\/tiendaflex.ec\/en\/product\/selfie-stick-xiaomi\/","title":{"rendered":"SELFIE STICK XIAOMI"},"content":{"rendered":"","protected":false},"excerpt":{"rendered":"<p>Lleva tus fotos y videos al siguiente nivel con este pr\u00e1ctico kit port\u00e1til 3 en 1, que funciona como selfie stick, mini tr\u00edpode y tr\u00edpode de mesa, ideal para smartphones.<\/p>\n<p>\u2714\ufe0f Altura ajustable: de 180 mm a 850 mm<br \/>\n\u2714\ufe0f Incluye disparador Bluetooth para fotos sin esfuerzo<br \/>\n\u2714\ufe0f Compatible con tel\u00e9fonos inteligentes<br \/>\n\u2714\ufe0f Dise\u00f1o compacto y port\u00e1til<\/p>\n<p>\ud83d\udcf2 Contacto: +593984123231<\/p>\n<p>\u2728 Captura tus mejores momentos con total comodidad y estilo \u2728<\/p>","protected":false},"featured_media":25077,"comment_status":"open","ping_status":"closed","template":"","meta":{"_acf_changed":false},"product_brand":[],"product_cat":[660,633],"product_tag":[],"class_list":{"0":"post-25068","1":"product","2":"type-product","3":"status-publish","4":"has-post-thumbnail","6":"product_cat-mouse","7":"product_cat-tecnologia","9":"first","10":"instock","11":"sale","12":"taxable","13":"shipping-taxable","14":"purchasable","15":"product-type-simple"},"acf":[],"_links":{"self":[{"href":"https:\/\/tiendaflex.ec\/en\/wp-json\/wp\/v2\/product\/25068","targetHints":{"allow":["GET"]}}],"collection":[{"href":"https:\/\/tiendaflex.ec\/en\/wp-json\/wp\/v2\/product"}],"about":[{"href":"https:\/\/tiendaflex.ec\/en\/wp-json\/wp\/v2\/types\/product"}],"replies":[{"embeddable":true,"href":"https:\/\/tiendaflex.ec\/en\/wp-json\/wp\/v2\/comments?post=25068"}],"version-history":[{"count":1,"href":"https:\/\/tiendaflex.ec\/en\/wp-json\/wp\/v2\/product\/25068\/revisions"}],"predecessor-version":[{"id":25087,"href":"https:\/\/tiendaflex.ec\/en\/wp-json\/wp\/v2\/product\/25068\/revisions\/25087"}],"wp:featuredmedia":[{"embeddable":true,"href":"https:\/\/tiendaflex.ec\/en\/wp-json\/wp\/v2\/media\/25077"}],"wp:attachment":[{"href":"https:\/\/tiendaflex.ec\/en\/wp-json\/wp\/v2\/media?parent=25068"}],"wp:term":[{"taxonomy":"product_brand","embeddable":true,"href":"https:\/\/tiendaflex.ec\/en\/wp-json\/wp\/v2\/product_brand?post=25068"},{"taxonomy":"product_cat","embeddable":true,"href":"https:\/\/tiendaflex.ec\/en\/wp-json\/wp\/v2\/product_cat?post=25068"},{"taxonomy":"product_tag","embeddable":true,"href":"https:\/\/tiendaflex.ec\/en\/wp-json\/wp\/v2\/product_tag?post=25068"}],"curies":[{"name":"wp","href":"https:\/\/api.w.org\/{rel}","templated":true}]}}