{"id":25058,"date":"2025-10-02T16:55:35","date_gmt":"2025-10-02T21:55:35","guid":{"rendered":"https:\/\/tiendaflex.ec\/?post_type=product&#038;p=25058"},"modified":"2025-10-02T16:55:35","modified_gmt":"2025-10-02T21:55:35","slug":"lapiz-optico-bp16","status":"publish","type":"product","link":"https:\/\/tiendaflex.ec\/en\/product\/lapiz-optico-bp16\/","title":{"rendered":"L\u00c1PIZ \u00d3PTICO BP16"},"content":{"rendered":"","protected":false},"excerpt":{"rendered":"<p>L\u00c1PIZ \u00d3PTICO THINKPLUS BP16 \u270f\ufe0f<\/p>\n<p>Precisi\u00f3n y estilo en cada trazo, ideal para tus dispositivos compatibles con l\u00e1piz \u00f3ptico. Fabricado con materiales resistentes y un dise\u00f1o ergon\u00f3mico para una experiencia superior.<\/p>\n<p>\u2714\ufe0f Marca: Lenovo<br \/>\n\u2714\ufe0f Modelo: BP16<br \/>\n\u2714\ufe0f Material: POM resistente + carcasa de aluminio esmerilada<br \/>\n\u2714\ufe0f Color: Blanco<br \/>\n\u2714\ufe0f Incluye:<br \/>\n\u2705 1 l\u00e1piz \u00f3ptico<br \/>\n\u2705 1 punta conductora especial preinstalada<br \/>\n\u2705 2 puntas de repuesto<\/p>\n<p>\ud83d\udcf2 Contacto: +593984123231<\/p>\n<p>\u2728 Dibuja, escribe y crea con m\u00e1xima precisi\u00f3n \u2728<\/p>","protected":false},"featured_media":24995,"comment_status":"open","ping_status":"closed","template":"","meta":{"_acf_changed":false},"product_brand":[],"product_cat":[634,633],"product_tag":[],"class_list":{"0":"post-25058","1":"product","2":"type-product","3":"status-publish","4":"has-post-thumbnail","6":"product_cat-tablets","7":"product_cat-tecnologia","9":"first","10":"instock","11":"sale","12":"taxable","13":"shipping-taxable","14":"purchasable","15":"product-type-simple"},"acf":[],"_links":{"self":[{"href":"https:\/\/tiendaflex.ec\/en\/wp-json\/wp\/v2\/product\/25058","targetHints":{"allow":["GET"]}}],"collection":[{"href":"https:\/\/tiendaflex.ec\/en\/wp-json\/wp\/v2\/product"}],"about":[{"href":"https:\/\/tiendaflex.ec\/en\/wp-json\/wp\/v2\/types\/product"}],"replies":[{"embeddable":true,"href":"https:\/\/tiendaflex.ec\/en\/wp-json\/wp\/v2\/comments?post=25058"}],"version-history":[{"count":1,"href":"https:\/\/tiendaflex.ec\/en\/wp-json\/wp\/v2\/product\/25058\/revisions"}],"predecessor-version":[{"id":25059,"href":"https:\/\/tiendaflex.ec\/en\/wp-json\/wp\/v2\/product\/25058\/revisions\/25059"}],"wp:featuredmedia":[{"embeddable":true,"href":"https:\/\/tiendaflex.ec\/en\/wp-json\/wp\/v2\/media\/24995"}],"wp:attachment":[{"href":"https:\/\/tiendaflex.ec\/en\/wp-json\/wp\/v2\/media?parent=25058"}],"wp:term":[{"taxonomy":"product_brand","embeddable":true,"href":"https:\/\/tiendaflex.ec\/en\/wp-json\/wp\/v2\/product_brand?post=25058"},{"taxonomy":"product_cat","embeddable":true,"href":"https:\/\/tiendaflex.ec\/en\/wp-json\/wp\/v2\/product_cat?post=25058"},{"taxonomy":"product_tag","embeddable":true,"href":"https:\/\/tiendaflex.ec\/en\/wp-json\/wp\/v2\/product_tag?post=25058"}],"curies":[{"name":"wp","href":"https:\/\/api.w.org\/{rel}","templated":true}]}}