{"id":25053,"date":"2025-10-02T16:49:08","date_gmt":"2025-10-02T21:49:08","guid":{"rendered":"https:\/\/tiendaflex.ec\/?post_type=product&#038;p=25053"},"modified":"2025-10-02T16:49:08","modified_gmt":"2025-10-02T21:49:08","slug":"ht407-audifonos-gamer","status":"publish","type":"product","link":"https:\/\/tiendaflex.ec\/en\/product\/ht407-audifonos-gamer\/","title":{"rendered":"HT407 &#8211; AUD\u00cdFONOS GAMER"},"content":{"rendered":"","protected":false},"excerpt":{"rendered":"<p>AUD\u00cdFONOS GAMER TIPO DIADEMA LECOO HT407 \ud83c\udfa7<\/p>\n<p>Sum\u00e9rgete en tus juegos con sonido USB 7.1, iluminaci\u00f3n LED y dise\u00f1o ergon\u00f3mico para largas sesiones de juego.<\/p>\n<p>\u2714\ufe0f Marca: Lenovo<br \/>\n\u2714\ufe0f Modelo: HT407<br \/>\n\u2714\ufe0f Tipo: Diadema gamer<br \/>\n\u2714\ufe0f Conectividad: USB 7.1<br \/>\n\u2714\ufe0f Funciones: Sonido envolvente, iluminaci\u00f3n LED, dise\u00f1o ergon\u00f3mico<br \/>\n\u2714\ufe0f Color: Negro<\/p>\n<p>\ud83d\udcf2 Contacto: +593984123231<\/p>\n<p>\u2728 Disfruta del m\u00e1ximo confort y calidad de sonido en cada partida \u2728<\/p>","protected":false},"featured_media":25002,"comment_status":"open","ping_status":"closed","template":"","meta":{"_acf_changed":false},"product_brand":[],"product_cat":[682,633],"product_tag":[],"class_list":{"0":"post-25053","1":"product","2":"type-product","3":"status-publish","4":"has-post-thumbnail","6":"product_cat-audifonos","7":"product_cat-tecnologia","9":"first","10":"instock","11":"sale","12":"taxable","13":"shipping-taxable","14":"purchasable","15":"product-type-simple"},"acf":[],"_links":{"self":[{"href":"https:\/\/tiendaflex.ec\/en\/wp-json\/wp\/v2\/product\/25053","targetHints":{"allow":["GET"]}}],"collection":[{"href":"https:\/\/tiendaflex.ec\/en\/wp-json\/wp\/v2\/product"}],"about":[{"href":"https:\/\/tiendaflex.ec\/en\/wp-json\/wp\/v2\/types\/product"}],"replies":[{"embeddable":true,"href":"https:\/\/tiendaflex.ec\/en\/wp-json\/wp\/v2\/comments?post=25053"}],"version-history":[{"count":1,"href":"https:\/\/tiendaflex.ec\/en\/wp-json\/wp\/v2\/product\/25053\/revisions"}],"predecessor-version":[{"id":25054,"href":"https:\/\/tiendaflex.ec\/en\/wp-json\/wp\/v2\/product\/25053\/revisions\/25054"}],"wp:featuredmedia":[{"embeddable":true,"href":"https:\/\/tiendaflex.ec\/en\/wp-json\/wp\/v2\/media\/25002"}],"wp:attachment":[{"href":"https:\/\/tiendaflex.ec\/en\/wp-json\/wp\/v2\/media?parent=25053"}],"wp:term":[{"taxonomy":"product_brand","embeddable":true,"href":"https:\/\/tiendaflex.ec\/en\/wp-json\/wp\/v2\/product_brand?post=25053"},{"taxonomy":"product_cat","embeddable":true,"href":"https:\/\/tiendaflex.ec\/en\/wp-json\/wp\/v2\/product_cat?post=25053"},{"taxonomy":"product_tag","embeddable":true,"href":"https:\/\/tiendaflex.ec\/en\/wp-json\/wp\/v2\/product_tag?post=25053"}],"curies":[{"name":"wp","href":"https:\/\/api.w.org\/{rel}","templated":true}]}}