{"id":25051,"date":"2025-10-02T16:46:29","date_gmt":"2025-10-02T21:46:29","guid":{"rendered":"https:\/\/tiendaflex.ec\/?post_type=product&#038;p=25051"},"modified":"2025-10-02T16:46:30","modified_gmt":"2025-10-02T21:46:30","slug":"microfono-inalambrico-m1","status":"publish","type":"product","link":"https:\/\/tiendaflex.ec\/en\/product\/microfono-inalambrico-m1\/","title":{"rendered":"MICR\u00d3FONO INAL\u00c1MBRICO M1"},"content":{"rendered":"","protected":false},"excerpt":{"rendered":"<p>MICR\u00d3FONO INAL\u00c1MBRICO M1 \ud83c\udfa4<\/p>\n<p>Disfruta de un sonido HiFi, ideal para Karaoke y llamadas, con cancelaci\u00f3n de ruido y bater\u00eda de larga duraci\u00f3n.<\/p>\n<p>\u2714\ufe0f Marca: Lenovo<br \/>\n\u2714\ufe0f Modelo: M1<br \/>\n\u2714\ufe0f Conectividad: Bluetooth inal\u00e1mbrico<br \/>\n\u2714\ufe0f Sonido: HiFi<br \/>\n\u2714\ufe0f Funciones: Karaoke, cancelaci\u00f3n de ruido<br \/>\n\u2714\ufe0f Bater\u00eda: Larga duraci\u00f3n<br \/>\n\u2714\ufe0f Contenido del empaque: 1 micr\u00f3fono, 1 cable de carga, 1 manual de usuario<\/p>\n<p>\ud83d\udcf2 Contacto: +593984123231<\/p>\n<p>\u2728 Ll\u00e9vate tu micr\u00f3fono y canta con sonido profesional donde quieras \u2728<\/p>","protected":false},"featured_media":24993,"comment_status":"open","ping_status":"closed","template":"","meta":{"_acf_changed":false},"product_brand":[],"product_cat":[608,549],"product_tag":[],"class_list":{"0":"post-25051","1":"product","2":"type-product","3":"status-publish","4":"has-post-thumbnail","6":"product_cat-audio-y-sonido","7":"product_cat-electrodomesticos","9":"first","10":"instock","11":"sale","12":"taxable","13":"shipping-taxable","14":"purchasable","15":"product-type-simple"},"acf":[],"_links":{"self":[{"href":"https:\/\/tiendaflex.ec\/en\/wp-json\/wp\/v2\/product\/25051","targetHints":{"allow":["GET"]}}],"collection":[{"href":"https:\/\/tiendaflex.ec\/en\/wp-json\/wp\/v2\/product"}],"about":[{"href":"https:\/\/tiendaflex.ec\/en\/wp-json\/wp\/v2\/types\/product"}],"replies":[{"embeddable":true,"href":"https:\/\/tiendaflex.ec\/en\/wp-json\/wp\/v2\/comments?post=25051"}],"version-history":[{"count":1,"href":"https:\/\/tiendaflex.ec\/en\/wp-json\/wp\/v2\/product\/25051\/revisions"}],"predecessor-version":[{"id":25052,"href":"https:\/\/tiendaflex.ec\/en\/wp-json\/wp\/v2\/product\/25051\/revisions\/25052"}],"wp:featuredmedia":[{"embeddable":true,"href":"https:\/\/tiendaflex.ec\/en\/wp-json\/wp\/v2\/media\/24993"}],"wp:attachment":[{"href":"https:\/\/tiendaflex.ec\/en\/wp-json\/wp\/v2\/media?parent=25051"}],"wp:term":[{"taxonomy":"product_brand","embeddable":true,"href":"https:\/\/tiendaflex.ec\/en\/wp-json\/wp\/v2\/product_brand?post=25051"},{"taxonomy":"product_cat","embeddable":true,"href":"https:\/\/tiendaflex.ec\/en\/wp-json\/wp\/v2\/product_cat?post=25051"},{"taxonomy":"product_tag","embeddable":true,"href":"https:\/\/tiendaflex.ec\/en\/wp-json\/wp\/v2\/product_tag?post=25051"}],"curies":[{"name":"wp","href":"https:\/\/api.w.org\/{rel}","templated":true}]}}