{"id":25049,"date":"2025-10-02T16:44:11","date_gmt":"2025-10-02T21:44:11","guid":{"rendered":"https:\/\/tiendaflex.ec\/?post_type=product&#038;p=25049"},"modified":"2026-01-26T12:52:38","modified_gmt":"2026-01-26T17:52:38","slug":"lp40-ii-audifonos-bluetooth","status":"publish","type":"product","link":"https:\/\/tiendaflex.ec\/en\/product\/lp40-ii-audifonos-bluetooth\/","title":{"rendered":"LP40 II &#8211; AUD\u00cdFONOS BLUETOOTH"},"content":{"rendered":"","protected":false},"excerpt":{"rendered":"<p>AUD\u00cdFONOS BLUETOOTH LP40 II \ud83c\udfa7<\/p>\n<p>Disfruta de dise\u00f1o ergon\u00f3mico, reducci\u00f3n de ruido, y bater\u00eda de larga duraci\u00f3n para m\u00fasica y llamadas en cualquier momento.<\/p>\n<p>\u2714\ufe0f Marca: Lenovo<br \/>\n\u2714\ufe0f Modelo: LP40 II<br \/>\n\u2714\ufe0f Bluetooth: Versi\u00f3n 5.3<br \/>\n\u2714\ufe0f Dise\u00f1o: Ergon\u00f3mico<br \/>\n\u2714\ufe0f Reducci\u00f3n de ruido: S\u00ed<br \/>\n\u2714\ufe0f Control t\u00e1ctil: S\u00ed<br \/>\n\u2714\ufe0f Bater\u00eda: 3-4 horas por carga<br \/>\n\u2714\ufe0f Interfaz de carga: USB Tipo-C, compartimento magn\u00e9tico<br \/>\n\u2714\ufe0f Color: Blanco roca<br \/>\n\u2714\ufe0f Contenido del empaque: 1 par de aud\u00edfonos, 1 manual de usuario<\/p>\n<p>\ud83d\udcf2 Contacto: +593984123231<\/p>\n<p>\u2728 Ll\u00e9vate tus aud\u00edfonos y disfruta de sonido claro y c\u00f3modo en todo momento \u2728<\/p>","protected":false},"featured_media":24997,"comment_status":"open","ping_status":"closed","template":"","meta":{"_acf_changed":false},"product_brand":[],"product_cat":[682,633],"product_tag":[],"class_list":{"0":"post-25049","1":"product","2":"type-product","3":"status-publish","4":"has-post-thumbnail","6":"product_cat-audifonos","7":"product_cat-tecnologia","9":"first","10":"outofstock","11":"sale","12":"taxable","13":"shipping-taxable","14":"purchasable","15":"product-type-simple"},"acf":[],"_links":{"self":[{"href":"https:\/\/tiendaflex.ec\/en\/wp-json\/wp\/v2\/product\/25049","targetHints":{"allow":["GET"]}}],"collection":[{"href":"https:\/\/tiendaflex.ec\/en\/wp-json\/wp\/v2\/product"}],"about":[{"href":"https:\/\/tiendaflex.ec\/en\/wp-json\/wp\/v2\/types\/product"}],"replies":[{"embeddable":true,"href":"https:\/\/tiendaflex.ec\/en\/wp-json\/wp\/v2\/comments?post=25049"}],"version-history":[{"count":1,"href":"https:\/\/tiendaflex.ec\/en\/wp-json\/wp\/v2\/product\/25049\/revisions"}],"predecessor-version":[{"id":25050,"href":"https:\/\/tiendaflex.ec\/en\/wp-json\/wp\/v2\/product\/25049\/revisions\/25050"}],"wp:featuredmedia":[{"embeddable":true,"href":"https:\/\/tiendaflex.ec\/en\/wp-json\/wp\/v2\/media\/24997"}],"wp:attachment":[{"href":"https:\/\/tiendaflex.ec\/en\/wp-json\/wp\/v2\/media?parent=25049"}],"wp:term":[{"taxonomy":"product_brand","embeddable":true,"href":"https:\/\/tiendaflex.ec\/en\/wp-json\/wp\/v2\/product_brand?post=25049"},{"taxonomy":"product_cat","embeddable":true,"href":"https:\/\/tiendaflex.ec\/en\/wp-json\/wp\/v2\/product_cat?post=25049"},{"taxonomy":"product_tag","embeddable":true,"href":"https:\/\/tiendaflex.ec\/en\/wp-json\/wp\/v2\/product_tag?post=25049"}],"curies":[{"name":"wp","href":"https:\/\/api.w.org\/{rel}","templated":true}]}}