{"id":25045,"date":"2025-10-02T16:40:03","date_gmt":"2025-10-02T21:40:03","guid":{"rendered":"https:\/\/tiendaflex.ec\/?post_type=product&#038;p=25045"},"modified":"2025-10-02T16:40:04","modified_gmt":"2025-10-02T21:40:04","slug":"xt65-audifonos-bluetooth","status":"publish","type":"product","link":"https:\/\/tiendaflex.ec\/en\/product\/xt65-audifonos-bluetooth\/","title":{"rendered":"XT65 &#8211; AUD\u00cdFONOS BLUETOOTH"},"content":{"rendered":"","protected":false},"excerpt":{"rendered":"<p>AUD\u00cdFONOS BLUETOOTH THINKPLUS XT65 \ud83c\udfa7<\/p>\n<p>Disfruta de un dise\u00f1o ultra ligero, control t\u00e1ctil y bater\u00eda de larga duraci\u00f3n para tus llamadas y m\u00fasica.<\/p>\n<p>\u2714\ufe0f Marca: Lenovo<br \/>\n\u2714\ufe0f Modelo: XT65<br \/>\n\u2714\ufe0f Control t\u00e1ctil: S\u00ed<br \/>\n\u2714\ufe0f Bater\u00eda auricular: 250 mAh<br \/>\n\u2714\ufe0f Duraci\u00f3n de la bater\u00eda: Hasta 4 horas<br \/>\n\u2714\ufe0f Bluetooth: Versi\u00f3n 5.3<br \/>\n\u2714\ufe0f Colores disponibles: Negro, blanco y verde<br \/>\n\u2714\ufe0f Contenido del empaque: 1 par de auriculares, 1 manual de usuario<\/p>\n<p>\ud83d\udcf2 Contacto: +593984123231<\/p>\n<p>\u2728 Auriculares c\u00f3modos y potentes, \u00a1ll\u00e9vate tu m\u00fasica a todas partes! \u2728<\/p>","protected":false},"featured_media":24996,"comment_status":"open","ping_status":"closed","template":"","meta":{"_acf_changed":false},"product_brand":[],"product_cat":[682,633],"product_tag":[],"class_list":{"0":"post-25045","1":"product","2":"type-product","3":"status-publish","4":"has-post-thumbnail","6":"product_cat-audifonos","7":"product_cat-tecnologia","9":"first","10":"instock","11":"sale","12":"taxable","13":"shipping-taxable","14":"purchasable","15":"product-type-simple"},"acf":[],"_links":{"self":[{"href":"https:\/\/tiendaflex.ec\/en\/wp-json\/wp\/v2\/product\/25045","targetHints":{"allow":["GET"]}}],"collection":[{"href":"https:\/\/tiendaflex.ec\/en\/wp-json\/wp\/v2\/product"}],"about":[{"href":"https:\/\/tiendaflex.ec\/en\/wp-json\/wp\/v2\/types\/product"}],"replies":[{"embeddable":true,"href":"https:\/\/tiendaflex.ec\/en\/wp-json\/wp\/v2\/comments?post=25045"}],"version-history":[{"count":1,"href":"https:\/\/tiendaflex.ec\/en\/wp-json\/wp\/v2\/product\/25045\/revisions"}],"predecessor-version":[{"id":25046,"href":"https:\/\/tiendaflex.ec\/en\/wp-json\/wp\/v2\/product\/25045\/revisions\/25046"}],"wp:featuredmedia":[{"embeddable":true,"href":"https:\/\/tiendaflex.ec\/en\/wp-json\/wp\/v2\/media\/24996"}],"wp:attachment":[{"href":"https:\/\/tiendaflex.ec\/en\/wp-json\/wp\/v2\/media?parent=25045"}],"wp:term":[{"taxonomy":"product_brand","embeddable":true,"href":"https:\/\/tiendaflex.ec\/en\/wp-json\/wp\/v2\/product_brand?post=25045"},{"taxonomy":"product_cat","embeddable":true,"href":"https:\/\/tiendaflex.ec\/en\/wp-json\/wp\/v2\/product_cat?post=25045"},{"taxonomy":"product_tag","embeddable":true,"href":"https:\/\/tiendaflex.ec\/en\/wp-json\/wp\/v2\/product_tag?post=25045"}],"curies":[{"name":"wp","href":"https:\/\/api.w.org\/{rel}","templated":true}]}}