{"id":25039,"date":"2025-10-02T16:35:17","date_gmt":"2025-10-02T21:35:17","guid":{"rendered":"https:\/\/tiendaflex.ec\/?post_type=product&#038;p=25039"},"modified":"2025-10-02T16:35:17","modified_gmt":"2025-10-02T21:35:17","slug":"ht38-audifonos-bluetooth","status":"publish","type":"product","link":"https:\/\/tiendaflex.ec\/en\/product\/ht38-audifonos-bluetooth\/","title":{"rendered":"HT38 &#8211; AUD\u00cdFONOS BLUETOOTH"},"content":{"rendered":"","protected":false},"excerpt":{"rendered":"<p>AUD\u00cdFONOS BLUETOOTH TRUE WIRELESS HT38 \ud83c\udfa7<\/p>\n<p>Disfruta de sonido Hi-Fi de alta calidad, larga duraci\u00f3n de bater\u00eda y resistencia para tu d\u00eda a d\u00eda.<\/p>\n<p>\u2714\ufe0f Marca: HT38 LENOVO<br \/>\n\u2714\ufe0f Tipo: Auriculares Bluetooth True Wireless<br \/>\n\u2714\ufe0f Calidad de sonido: Hi-Fi, c\u00f3digo de audio AAC<br \/>\n\u2714\ufe0f Unidad de sonido: 10 mm<br \/>\n\u2714\ufe0f Materiales: ABS y silicona<br \/>\n\u2714\ufe0f Funciones: Respuesta a llamadas, reproducci\u00f3n de m\u00fasica<br \/>\n\u2714\ufe0f Versi\u00f3n Bluetooth: 5.0<br \/>\n\u2714\ufe0f Bater\u00eda auricular: 30 mAh<br \/>\n\u2714\ufe0f Bater\u00eda caja de carga: 250 mAh<br \/>\n\u2714\ufe0f Autonom\u00eda en espera: Hasta 180 horas<br \/>\n\u2714\ufe0f Tiempo de carga: 4 \u2013 5 horas<\/p>\n<p>\ud83d\udcf2 Contacto: +593984123231<\/p>\n<p>\u2728 Sonido envolvente y bater\u00eda duradera para acompa\u00f1arte todo el d\u00eda \u2728<\/p>","protected":false},"featured_media":24990,"comment_status":"open","ping_status":"closed","template":"","meta":{"_acf_changed":false},"product_brand":[],"product_cat":[682,633],"product_tag":[],"class_list":{"0":"post-25039","1":"product","2":"type-product","3":"status-publish","4":"has-post-thumbnail","6":"product_cat-audifonos","7":"product_cat-tecnologia","9":"first","10":"instock","11":"sale","12":"taxable","13":"shipping-taxable","14":"purchasable","15":"product-type-simple"},"acf":[],"_links":{"self":[{"href":"https:\/\/tiendaflex.ec\/en\/wp-json\/wp\/v2\/product\/25039","targetHints":{"allow":["GET"]}}],"collection":[{"href":"https:\/\/tiendaflex.ec\/en\/wp-json\/wp\/v2\/product"}],"about":[{"href":"https:\/\/tiendaflex.ec\/en\/wp-json\/wp\/v2\/types\/product"}],"replies":[{"embeddable":true,"href":"https:\/\/tiendaflex.ec\/en\/wp-json\/wp\/v2\/comments?post=25039"}],"version-history":[{"count":2,"href":"https:\/\/tiendaflex.ec\/en\/wp-json\/wp\/v2\/product\/25039\/revisions"}],"predecessor-version":[{"id":25041,"href":"https:\/\/tiendaflex.ec\/en\/wp-json\/wp\/v2\/product\/25039\/revisions\/25041"}],"wp:featuredmedia":[{"embeddable":true,"href":"https:\/\/tiendaflex.ec\/en\/wp-json\/wp\/v2\/media\/24990"}],"wp:attachment":[{"href":"https:\/\/tiendaflex.ec\/en\/wp-json\/wp\/v2\/media?parent=25039"}],"wp:term":[{"taxonomy":"product_brand","embeddable":true,"href":"https:\/\/tiendaflex.ec\/en\/wp-json\/wp\/v2\/product_brand?post=25039"},{"taxonomy":"product_cat","embeddable":true,"href":"https:\/\/tiendaflex.ec\/en\/wp-json\/wp\/v2\/product_cat?post=25039"},{"taxonomy":"product_tag","embeddable":true,"href":"https:\/\/tiendaflex.ec\/en\/wp-json\/wp\/v2\/product_tag?post=25039"}],"curies":[{"name":"wp","href":"https:\/\/api.w.org\/{rel}","templated":true}]}}