{"id":25037,"date":"2025-10-02T16:32:50","date_gmt":"2025-10-02T21:32:50","guid":{"rendered":"https:\/\/tiendaflex.ec\/?post_type=product&#038;p=25037"},"modified":"2025-10-02T16:32:50","modified_gmt":"2025-10-02T21:32:50","slug":"lp40-pro-audifonos","status":"publish","type":"product","link":"https:\/\/tiendaflex.ec\/en\/product\/lp40-pro-audifonos\/","title":{"rendered":"LP40 PRO &#8211; AUD\u00cdFONOS"},"content":{"rendered":"","protected":false},"excerpt":{"rendered":"<p>AUD\u00cdFONOS INAL\u00c1MBRICOS THINKPLUS LP40 PRO LENOVO \ud83c\udfa7<\/p>\n<p>Lleva tu m\u00fasica a todas partes con alta duraci\u00f3n de bater\u00eda, resistencia al agua y conectividad Bluetooth 5.1.<\/p>\n<p>\u2714\ufe0f Marca: Lenovo<br \/>\n\u2714\ufe0f Modelo: LP40 PRO<br \/>\n\u2714\ufe0f Impermeable: IPX5<br \/>\n\u2714\ufe0f Control de volumen: S\u00ed<br \/>\n\u2714\ufe0f Bater\u00eda Buds: 30 mAh<br \/>\n\u2714\ufe0f Bater\u00eda estuche: 250 mAh<br \/>\n\u2714\ufe0f Tiempo de carga: 1,5 horas<br \/>\n\u2714\ufe0f Tiempo de reproducci\u00f3n: Hasta 7 horas<br \/>\n\u2714\ufe0f Conectividad Bluetooth: 5.1<br \/>\n\u2714\ufe0f Rango de frecuencia: 20Hz \u2013 20KHz<br \/>\n\u2714\ufe0f Micr\u00f3fono: S\u00ed<\/p>\n<p>\ud83d\udcf2 Contacto: +593984123231<\/p>\n<p>\u2728 Audio claro y resistente para disfrutar tu m\u00fasica sin l\u00edmites \u2728<\/p>","protected":false},"featured_media":24989,"comment_status":"open","ping_status":"closed","template":"","meta":{"_acf_changed":false},"product_brand":[],"product_cat":[682,633],"product_tag":[],"class_list":{"0":"post-25037","1":"product","2":"type-product","3":"status-publish","4":"has-post-thumbnail","6":"product_cat-audifonos","7":"product_cat-tecnologia","9":"first","10":"instock","11":"sale","12":"taxable","13":"shipping-taxable","14":"purchasable","15":"product-type-simple"},"acf":[],"_links":{"self":[{"href":"https:\/\/tiendaflex.ec\/en\/wp-json\/wp\/v2\/product\/25037","targetHints":{"allow":["GET"]}}],"collection":[{"href":"https:\/\/tiendaflex.ec\/en\/wp-json\/wp\/v2\/product"}],"about":[{"href":"https:\/\/tiendaflex.ec\/en\/wp-json\/wp\/v2\/types\/product"}],"replies":[{"embeddable":true,"href":"https:\/\/tiendaflex.ec\/en\/wp-json\/wp\/v2\/comments?post=25037"}],"version-history":[{"count":1,"href":"https:\/\/tiendaflex.ec\/en\/wp-json\/wp\/v2\/product\/25037\/revisions"}],"predecessor-version":[{"id":25038,"href":"https:\/\/tiendaflex.ec\/en\/wp-json\/wp\/v2\/product\/25037\/revisions\/25038"}],"wp:featuredmedia":[{"embeddable":true,"href":"https:\/\/tiendaflex.ec\/en\/wp-json\/wp\/v2\/media\/24989"}],"wp:attachment":[{"href":"https:\/\/tiendaflex.ec\/en\/wp-json\/wp\/v2\/media?parent=25037"}],"wp:term":[{"taxonomy":"product_brand","embeddable":true,"href":"https:\/\/tiendaflex.ec\/en\/wp-json\/wp\/v2\/product_brand?post=25037"},{"taxonomy":"product_cat","embeddable":true,"href":"https:\/\/tiendaflex.ec\/en\/wp-json\/wp\/v2\/product_cat?post=25037"},{"taxonomy":"product_tag","embeddable":true,"href":"https:\/\/tiendaflex.ec\/en\/wp-json\/wp\/v2\/product_tag?post=25037"}],"curies":[{"name":"wp","href":"https:\/\/api.w.org\/{rel}","templated":true}]}}