{"id":25025,"date":"2025-10-02T16:12:03","date_gmt":"2025-10-02T21:12:03","guid":{"rendered":"https:\/\/tiendaflex.ec\/?post_type=product&#038;p=25025"},"modified":"2025-10-02T16:12:04","modified_gmt":"2025-10-02T21:12:04","slug":"xt62-audifonos-bluetooth","status":"publish","type":"product","link":"https:\/\/tiendaflex.ec\/en\/product\/xt62-audifonos-bluetooth\/","title":{"rendered":"XT62 &#8211;\u00a0AUD\u00cdFONOS BLUETOOTH"},"content":{"rendered":"","protected":false},"excerpt":{"rendered":"<p>AUD\u00cdFONOS BLUETOOTH THINKPLUS XT62 BLANCO LENOVO \u2728\ud83c\udfa7<\/p>\n<p>Escucha tu m\u00fasica y atiende llamadas con comodidad, estilo y calidad de sonido superior.<\/p>\n<p>\u2714\ufe0f Marca: Lenovo<br \/>\n\u2714\ufe0f Modelo: XT62<br \/>\n\u2714\ufe0f Color: Blanco<br \/>\n\u2714\ufe0f Bluetooth: 5.3, conexi\u00f3n r\u00e1pida y estable<br \/>\n\u2714\ufe0f Distancia de transmisi\u00f3n: 10 metros<br \/>\n\u2714\ufe0f Bater\u00eda: 300 mAh, hasta 4.5 horas de reproducci\u00f3n continua<br \/>\n\u2714\ufe0f Entrada nominal: 5V<br \/>\n\u2714\ufe0f Atender llamadas: S\u00ed<br \/>\n\u2714\ufe0f Resistencia al sudor y al agua: IPX4<\/p>\n<p>\ud83d\udcf2 Contacto: +593984123231<\/p>\n<p>\u2728 Aud\u00edfonos ligeros y resistentes para acompa\u00f1arte todo el d\u00eda \u2728<\/p>","protected":false},"featured_media":24979,"comment_status":"open","ping_status":"closed","template":"","meta":{"_acf_changed":false},"product_brand":[],"product_cat":[682,633],"product_tag":[],"class_list":{"0":"post-25025","1":"product","2":"type-product","3":"status-publish","4":"has-post-thumbnail","6":"product_cat-audifonos","7":"product_cat-tecnologia","9":"first","10":"instock","11":"sale","12":"taxable","13":"shipping-taxable","14":"purchasable","15":"product-type-simple"},"acf":[],"_links":{"self":[{"href":"https:\/\/tiendaflex.ec\/en\/wp-json\/wp\/v2\/product\/25025","targetHints":{"allow":["GET"]}}],"collection":[{"href":"https:\/\/tiendaflex.ec\/en\/wp-json\/wp\/v2\/product"}],"about":[{"href":"https:\/\/tiendaflex.ec\/en\/wp-json\/wp\/v2\/types\/product"}],"replies":[{"embeddable":true,"href":"https:\/\/tiendaflex.ec\/en\/wp-json\/wp\/v2\/comments?post=25025"}],"version-history":[{"count":1,"href":"https:\/\/tiendaflex.ec\/en\/wp-json\/wp\/v2\/product\/25025\/revisions"}],"predecessor-version":[{"id":25026,"href":"https:\/\/tiendaflex.ec\/en\/wp-json\/wp\/v2\/product\/25025\/revisions\/25026"}],"wp:featuredmedia":[{"embeddable":true,"href":"https:\/\/tiendaflex.ec\/en\/wp-json\/wp\/v2\/media\/24979"}],"wp:attachment":[{"href":"https:\/\/tiendaflex.ec\/en\/wp-json\/wp\/v2\/media?parent=25025"}],"wp:term":[{"taxonomy":"product_brand","embeddable":true,"href":"https:\/\/tiendaflex.ec\/en\/wp-json\/wp\/v2\/product_brand?post=25025"},{"taxonomy":"product_cat","embeddable":true,"href":"https:\/\/tiendaflex.ec\/en\/wp-json\/wp\/v2\/product_cat?post=25025"},{"taxonomy":"product_tag","embeddable":true,"href":"https:\/\/tiendaflex.ec\/en\/wp-json\/wp\/v2\/product_tag?post=25025"}],"curies":[{"name":"wp","href":"https:\/\/api.w.org\/{rel}","templated":true}]}}