{"id":25018,"date":"2025-10-02T16:04:14","date_gmt":"2025-10-02T21:04:14","guid":{"rendered":"https:\/\/tiendaflex.ec\/?post_type=product&#038;p=25018"},"modified":"2025-10-02T16:04:14","modified_gmt":"2025-10-02T21:04:14","slug":"hc-119-plancha-para-el-cabello","status":"publish","type":"product","link":"https:\/\/tiendaflex.ec\/en\/product\/hc-119-plancha-para-el-cabello\/","title":{"rendered":"HC-119 &#8211; PLANCHA PARA EL CABELLO"},"content":{"rendered":"","protected":false},"excerpt":{"rendered":"<p>PLANCHA PARA EL CABELLO HYUNDAI HC-119 \u2728\ud83d\udc87\u200d\u2640\ufe0f<\/p>\n<p>Luce un cabello perfecto en cualquier lugar con esta plancha inal\u00e1mbrica y port\u00e1til, pr\u00e1ctica y segura.<\/p>\n<p>\u2714\ufe0f Modelo: HC-119<br \/>\n\u2714\ufe0f Temperatura de trabajo: 160 \u2013 200 \u00b0C<br \/>\n\u2714\ufe0f Bater\u00eda: 2500 mAh recargable<br \/>\n\u2714\ufe0f Tiempo de carga: 4 horas<br \/>\n\u2714\ufe0f Tiempo de uso: hasta 30 min continuos<\/p>\n<p>\ud83d\udcf2 Contacto: +593984123231<\/p>\n<p>\u2728 Tu cabello siempre perfecto, donde quieras \u2728<\/p>","protected":false},"featured_media":24980,"comment_status":"open","ping_status":"closed","template":"","meta":{"_acf_changed":false},"product_brand":[],"product_cat":[549,594],"product_tag":[],"class_list":{"0":"post-25018","1":"product","2":"type-product","3":"status-publish","4":"has-post-thumbnail","6":"product_cat-electrodomesticos","7":"product_cat-electromenores","9":"first","10":"instock","11":"sale","12":"taxable","13":"shipping-taxable","14":"purchasable","15":"product-type-simple"},"acf":[],"_links":{"self":[{"href":"https:\/\/tiendaflex.ec\/en\/wp-json\/wp\/v2\/product\/25018","targetHints":{"allow":["GET"]}}],"collection":[{"href":"https:\/\/tiendaflex.ec\/en\/wp-json\/wp\/v2\/product"}],"about":[{"href":"https:\/\/tiendaflex.ec\/en\/wp-json\/wp\/v2\/types\/product"}],"replies":[{"embeddable":true,"href":"https:\/\/tiendaflex.ec\/en\/wp-json\/wp\/v2\/comments?post=25018"}],"version-history":[{"count":2,"href":"https:\/\/tiendaflex.ec\/en\/wp-json\/wp\/v2\/product\/25018\/revisions"}],"predecessor-version":[{"id":25020,"href":"https:\/\/tiendaflex.ec\/en\/wp-json\/wp\/v2\/product\/25018\/revisions\/25020"}],"wp:featuredmedia":[{"embeddable":true,"href":"https:\/\/tiendaflex.ec\/en\/wp-json\/wp\/v2\/media\/24980"}],"wp:attachment":[{"href":"https:\/\/tiendaflex.ec\/en\/wp-json\/wp\/v2\/media?parent=25018"}],"wp:term":[{"taxonomy":"product_brand","embeddable":true,"href":"https:\/\/tiendaflex.ec\/en\/wp-json\/wp\/v2\/product_brand?post=25018"},{"taxonomy":"product_cat","embeddable":true,"href":"https:\/\/tiendaflex.ec\/en\/wp-json\/wp\/v2\/product_cat?post=25018"},{"taxonomy":"product_tag","embeddable":true,"href":"https:\/\/tiendaflex.ec\/en\/wp-json\/wp\/v2\/product_tag?post=25018"}],"curies":[{"name":"wp","href":"https:\/\/api.w.org\/{rel}","templated":true}]}}