{"id":25009,"date":"2025-10-02T00:19:28","date_gmt":"2025-10-02T05:19:28","guid":{"rendered":"https:\/\/tiendaflex.ec\/?post_type=product&#038;p=25009"},"modified":"2025-10-02T00:19:28","modified_gmt":"2025-10-02T05:19:28","slug":"rmc-t15-tocadiscos-victrola","status":"publish","type":"product","link":"https:\/\/tiendaflex.ec\/en\/product\/rmc-t15-tocadiscos-victrola\/","title":{"rendered":"RMC T15 &#8211; TOCADISCOS VICTROLA"},"content":{"rendered":"","protected":false},"excerpt":{"rendered":"<p>TOCADISCOS VICTROLA 8 EN 1 \u2013 RMC T15 \ud83c\udfb6<\/p>\n<p>Dise\u00f1o elegante con tecnolog\u00eda vers\u00e1til para que disfrutes tu m\u00fasica en todos los formatos.<\/p>\n<p>\u2714\ufe0f Marca: RMC<br \/>\n\u2714\ufe0f Modelo: T15<br \/>\n\u2714\ufe0f C\u00f3digo: 27-03-111<br \/>\n\u2714\ufe0f Funciones principales:<br \/>\n\u2714\ufe0f Reproductor de vinilo<br \/>\n\u2714\ufe0f Conexi\u00f3n Bluetooth<br \/>\n\u2714\ufe0f Reproductor de CD<br \/>\n\u2714\ufe0f Entrada auxiliar<br \/>\n\u2714\ufe0f Radio FM\/AM<br \/>\n\u2714\ufe0f Salida para aud\u00edfonos<br \/>\n\u2714\ufe0f Salida para parlantes externos<br \/>\n\u2714\ufe0f Reproductor de cassette<\/p>\n<p>\ud83d\udcf2 Contacto: +593984123231<\/p>\n<p>\u2728 Vive la experiencia retro con todas las opciones modernas en un solo equipo \u2728<\/p>","protected":false},"featured_media":24978,"comment_status":"open","ping_status":"closed","template":"","meta":{"_acf_changed":false},"product_brand":[],"product_cat":[608,549],"product_tag":[],"class_list":{"0":"post-25009","1":"product","2":"type-product","3":"status-publish","4":"has-post-thumbnail","6":"product_cat-audio-y-sonido","7":"product_cat-electrodomesticos","9":"first","10":"instock","11":"sale","12":"taxable","13":"shipping-taxable","14":"purchasable","15":"product-type-simple"},"acf":[],"_links":{"self":[{"href":"https:\/\/tiendaflex.ec\/en\/wp-json\/wp\/v2\/product\/25009","targetHints":{"allow":["GET"]}}],"collection":[{"href":"https:\/\/tiendaflex.ec\/en\/wp-json\/wp\/v2\/product"}],"about":[{"href":"https:\/\/tiendaflex.ec\/en\/wp-json\/wp\/v2\/types\/product"}],"replies":[{"embeddable":true,"href":"https:\/\/tiendaflex.ec\/en\/wp-json\/wp\/v2\/comments?post=25009"}],"version-history":[{"count":2,"href":"https:\/\/tiendaflex.ec\/en\/wp-json\/wp\/v2\/product\/25009\/revisions"}],"predecessor-version":[{"id":25011,"href":"https:\/\/tiendaflex.ec\/en\/wp-json\/wp\/v2\/product\/25009\/revisions\/25011"}],"wp:featuredmedia":[{"embeddable":true,"href":"https:\/\/tiendaflex.ec\/en\/wp-json\/wp\/v2\/media\/24978"}],"wp:attachment":[{"href":"https:\/\/tiendaflex.ec\/en\/wp-json\/wp\/v2\/media?parent=25009"}],"wp:term":[{"taxonomy":"product_brand","embeddable":true,"href":"https:\/\/tiendaflex.ec\/en\/wp-json\/wp\/v2\/product_brand?post=25009"},{"taxonomy":"product_cat","embeddable":true,"href":"https:\/\/tiendaflex.ec\/en\/wp-json\/wp\/v2\/product_cat?post=25009"},{"taxonomy":"product_tag","embeddable":true,"href":"https:\/\/tiendaflex.ec\/en\/wp-json\/wp\/v2\/product_tag?post=25009"}],"curies":[{"name":"wp","href":"https:\/\/api.w.org\/{rel}","templated":true}]}}