{"id":24964,"date":"2025-09-30T23:22:16","date_gmt":"2025-10-01T04:22:16","guid":{"rendered":"https:\/\/tiendaflex.ec\/?post_type=product&#038;p=24964"},"modified":"2025-09-30T23:22:16","modified_gmt":"2025-10-01T04:22:16","slug":"ka9010ae-cargador-apple-60w","status":"publish","type":"product","link":"https:\/\/tiendaflex.ec\/en\/product\/ka9010ae-cargador-apple-60w\/","title":{"rendered":"KA9010AE &#8211; CARGADOR APPLE 60W"},"content":{"rendered":"","protected":false},"excerpt":{"rendered":"<p>CARGADOR APPLE 60W \u2013 MODELO KA9010AE \ud83d\udd0b\ud83c\udf4f<\/p>\n<p>Carga r\u00e1pida y segura para tus dispositivos Apple, manteniendo tu MacBook siempre listo para funcionar.<\/p>\n<p>\u26a1 Voltaje: 16,5 V<br \/>\n\ud83d\udd0c Amperaje: 3,65 A<br \/>\n\ud83e\uddf2 Punta magn\u00e9tica para conexi\u00f3n f\u00e1cil y segura<br \/>\n\ud83d\udca1 Potencia: 60 W<br \/>\n\ud83c\udf4f Compatible con: MacBook con conector MagSafe<br \/>\n\ud83d\udd27 C\u00f3digo: 08-01-062<\/p>\n<p>\ud83d\udcf2 Contacto: +593984123231<\/p>\n<p>\u2728 Mant\u00e9n tu MacBook cargado y protegido con energ\u00eda confiable \u2728<\/p>","protected":false},"featured_media":24927,"comment_status":"open","ping_status":"closed","template":"","meta":{"_acf_changed":false},"product_brand":[],"product_cat":[744,633],"product_tag":[],"class_list":{"0":"post-24964","1":"product","2":"type-product","3":"status-publish","4":"has-post-thumbnail","6":"product_cat-cargadores","7":"product_cat-tecnologia","9":"first","10":"instock","11":"sale","12":"taxable","13":"shipping-taxable","14":"purchasable","15":"product-type-simple"},"acf":[],"_links":{"self":[{"href":"https:\/\/tiendaflex.ec\/en\/wp-json\/wp\/v2\/product\/24964","targetHints":{"allow":["GET"]}}],"collection":[{"href":"https:\/\/tiendaflex.ec\/en\/wp-json\/wp\/v2\/product"}],"about":[{"href":"https:\/\/tiendaflex.ec\/en\/wp-json\/wp\/v2\/types\/product"}],"replies":[{"embeddable":true,"href":"https:\/\/tiendaflex.ec\/en\/wp-json\/wp\/v2\/comments?post=24964"}],"version-history":[{"count":1,"href":"https:\/\/tiendaflex.ec\/en\/wp-json\/wp\/v2\/product\/24964\/revisions"}],"predecessor-version":[{"id":24965,"href":"https:\/\/tiendaflex.ec\/en\/wp-json\/wp\/v2\/product\/24964\/revisions\/24965"}],"wp:featuredmedia":[{"embeddable":true,"href":"https:\/\/tiendaflex.ec\/en\/wp-json\/wp\/v2\/media\/24927"}],"wp:attachment":[{"href":"https:\/\/tiendaflex.ec\/en\/wp-json\/wp\/v2\/media?parent=24964"}],"wp:term":[{"taxonomy":"product_brand","embeddable":true,"href":"https:\/\/tiendaflex.ec\/en\/wp-json\/wp\/v2\/product_brand?post=24964"},{"taxonomy":"product_cat","embeddable":true,"href":"https:\/\/tiendaflex.ec\/en\/wp-json\/wp\/v2\/product_cat?post=24964"},{"taxonomy":"product_tag","embeddable":true,"href":"https:\/\/tiendaflex.ec\/en\/wp-json\/wp\/v2\/product_tag?post=24964"}],"curies":[{"name":"wp","href":"https:\/\/api.w.org\/{rel}","templated":true}]}}