{"id":24962,"date":"2025-09-30T23:20:21","date_gmt":"2025-10-01T04:20:21","guid":{"rendered":"https:\/\/tiendaflex.ec\/?post_type=product&#038;p=24962"},"modified":"2025-09-30T23:20:21","modified_gmt":"2025-10-01T04:20:21","slug":"ka9009ae-cargador-apple-45w","status":"publish","type":"product","link":"https:\/\/tiendaflex.ec\/en\/product\/ka9009ae-cargador-apple-45w\/","title":{"rendered":"KA9009AE &#8211; CARGADOR APPLE 45W"},"content":{"rendered":"","protected":false},"excerpt":{"rendered":"<p>CARGADOR APPLE 45W \u2013 MODELO KA9009AE \ud83d\udd0b\ud83c\udf4f<\/p>\n<p>Carga segura y confiable para tus dispositivos Apple, ideal para MacBook Air y otros modelos compatibles. Mant\u00e9n tu laptop siempre lista para trabajar o estudiar sin interrupciones.<\/p>\n<p>\u26a1 Voltaje: 14,5 V<br \/>\n\ud83d\udd0c Amperaje: 3,1 A<br \/>\n\ud83e\uddf2 Punta magn\u00e9tica para conexi\u00f3n r\u00e1pida y segura<br \/>\n\ud83d\udca1 Potencia: 45 W<br \/>\n\ud83c\udf4f Compatible con: MacBook con conector MagSafe 2 y otros modelos Apple compatibles<br \/>\n\ud83d\udd27 C\u00f3digo: 08-01-056<\/p>\n<p>\ud83d\udcf2 Contacto: +593984123231<\/p>\n<p>\u2728 Protege tu MacBook mientras cargas de forma r\u00e1pida y confiable \u2728<\/p>","protected":false},"featured_media":24924,"comment_status":"open","ping_status":"closed","template":"","meta":{"_acf_changed":false},"product_brand":[],"product_cat":[744,633],"product_tag":[],"class_list":{"0":"post-24962","1":"product","2":"type-product","3":"status-publish","4":"has-post-thumbnail","6":"product_cat-cargadores","7":"product_cat-tecnologia","9":"first","10":"instock","11":"sale","12":"taxable","13":"shipping-taxable","14":"purchasable","15":"product-type-simple"},"acf":[],"_links":{"self":[{"href":"https:\/\/tiendaflex.ec\/en\/wp-json\/wp\/v2\/product\/24962","targetHints":{"allow":["GET"]}}],"collection":[{"href":"https:\/\/tiendaflex.ec\/en\/wp-json\/wp\/v2\/product"}],"about":[{"href":"https:\/\/tiendaflex.ec\/en\/wp-json\/wp\/v2\/types\/product"}],"replies":[{"embeddable":true,"href":"https:\/\/tiendaflex.ec\/en\/wp-json\/wp\/v2\/comments?post=24962"}],"version-history":[{"count":1,"href":"https:\/\/tiendaflex.ec\/en\/wp-json\/wp\/v2\/product\/24962\/revisions"}],"predecessor-version":[{"id":24963,"href":"https:\/\/tiendaflex.ec\/en\/wp-json\/wp\/v2\/product\/24962\/revisions\/24963"}],"wp:featuredmedia":[{"embeddable":true,"href":"https:\/\/tiendaflex.ec\/en\/wp-json\/wp\/v2\/media\/24924"}],"wp:attachment":[{"href":"https:\/\/tiendaflex.ec\/en\/wp-json\/wp\/v2\/media?parent=24962"}],"wp:term":[{"taxonomy":"product_brand","embeddable":true,"href":"https:\/\/tiendaflex.ec\/en\/wp-json\/wp\/v2\/product_brand?post=24962"},{"taxonomy":"product_cat","embeddable":true,"href":"https:\/\/tiendaflex.ec\/en\/wp-json\/wp\/v2\/product_cat?post=24962"},{"taxonomy":"product_tag","embeddable":true,"href":"https:\/\/tiendaflex.ec\/en\/wp-json\/wp\/v2\/product_tag?post=24962"}],"curies":[{"name":"wp","href":"https:\/\/api.w.org\/{rel}","templated":true}]}}