{"id":24895,"date":"2025-09-28T15:44:24","date_gmt":"2025-09-28T20:44:24","guid":{"rendered":"https:\/\/tiendaflex.ec\/?post_type=product&#038;p=24895"},"modified":"2025-09-28T15:44:24","modified_gmt":"2025-09-28T20:44:24","slug":"bateria-kb7138","status":"publish","type":"product","link":"https:\/\/tiendaflex.ec\/en\/product\/bateria-kb7138\/","title":{"rendered":"BATER\u00cdA KB7138"},"content":{"rendered":"","protected":false},"excerpt":{"rendered":"<p>BATER\u00cdA KB7138 \u2013 JC04 COMPATIBLE HP 15-bs Series \ud83d\udcbb\ud83d\udd0b<\/p>\n<p>Energ\u00eda confiable para tu port\u00e1til HP, con gran rendimiento y duraci\u00f3n.<\/p>\n<p>\u26a1 Voltaje: 14.8 V<br \/>\n\ud83d\udd0b Capacidad: 2600 mAh<\/p>\n<p>\ud83d\udcbc Compatibilidad:<br \/>\n\u2705 HP 15-bs000 Series<br \/>\n\u2705 Modelos: 15-bs168cl, 15-bs010ds, 15-bs013dx, 15-bs060wm, 15-bs192od, 15-bs033cl, 15-bs095ms, 15-bs015dx, 15-bs020wm, 15-bs016dx, 15-bs038dx, 15-bs078cl, 15-bs013nr, 15-bs077nr, 15-bs053od, 15-bs091ms, 15-bs080wm, 15-bs131nr, 15-bs023cy, 15-bs038cl, 15-bs058ca, 15-bs065nr, 15-bs132nr, S008cy, 15-BS011CY.<\/p>\n<p>\ud83d\udcf2 Contacto: +593984123231<\/p>\n<p>\u2728 Mant\u00e9n tu HP 15-bs Series siempre lista con energ\u00eda confiable \u2728<\/p>","protected":false},"featured_media":24845,"comment_status":"open","ping_status":"closed","template":"","meta":{"_acf_changed":false},"product_brand":[],"product_cat":[743,633],"product_tag":[],"class_list":{"0":"post-24895","1":"product","2":"type-product","3":"status-publish","4":"has-post-thumbnail","6":"product_cat-baterias-para-laptops","7":"product_cat-tecnologia","9":"first","10":"instock","11":"sale","12":"taxable","13":"shipping-taxable","14":"purchasable","15":"product-type-simple"},"acf":[],"_links":{"self":[{"href":"https:\/\/tiendaflex.ec\/en\/wp-json\/wp\/v2\/product\/24895","targetHints":{"allow":["GET"]}}],"collection":[{"href":"https:\/\/tiendaflex.ec\/en\/wp-json\/wp\/v2\/product"}],"about":[{"href":"https:\/\/tiendaflex.ec\/en\/wp-json\/wp\/v2\/types\/product"}],"replies":[{"embeddable":true,"href":"https:\/\/tiendaflex.ec\/en\/wp-json\/wp\/v2\/comments?post=24895"}],"version-history":[{"count":1,"href":"https:\/\/tiendaflex.ec\/en\/wp-json\/wp\/v2\/product\/24895\/revisions"}],"predecessor-version":[{"id":24896,"href":"https:\/\/tiendaflex.ec\/en\/wp-json\/wp\/v2\/product\/24895\/revisions\/24896"}],"wp:featuredmedia":[{"embeddable":true,"href":"https:\/\/tiendaflex.ec\/en\/wp-json\/wp\/v2\/media\/24845"}],"wp:attachment":[{"href":"https:\/\/tiendaflex.ec\/en\/wp-json\/wp\/v2\/media?parent=24895"}],"wp:term":[{"taxonomy":"product_brand","embeddable":true,"href":"https:\/\/tiendaflex.ec\/en\/wp-json\/wp\/v2\/product_brand?post=24895"},{"taxonomy":"product_cat","embeddable":true,"href":"https:\/\/tiendaflex.ec\/en\/wp-json\/wp\/v2\/product_cat?post=24895"},{"taxonomy":"product_tag","embeddable":true,"href":"https:\/\/tiendaflex.ec\/en\/wp-json\/wp\/v2\/product_tag?post=24895"}],"curies":[{"name":"wp","href":"https:\/\/api.w.org\/{rel}","templated":true}]}}