{"id":24891,"date":"2025-09-28T15:40:47","date_gmt":"2025-09-28T20:40:47","guid":{"rendered":"https:\/\/tiendaflex.ec\/?post_type=product&#038;p=24891"},"modified":"2025-09-28T15:40:47","modified_gmt":"2025-09-28T20:40:47","slug":"bateria-kbi001","status":"publish","type":"product","link":"https:\/\/tiendaflex.ec\/en\/product\/bateria-kbi001\/","title":{"rendered":"BATER\u00cdA KBI001"},"content":{"rendered":"","protected":false},"excerpt":{"rendered":"<p>BATER\u00cdA KBI001 \u2013 COMPATIBLE DELL LATITUDE \ud83d\udcbb\ud83d\udd0b<\/p>\n<p>Mant\u00e9n tu equipo con energ\u00eda estable y segura para un rendimiento confiable.<\/p>\n<p>\u26a1 Voltaje: 7.4 V<br \/>\n\ud83d\udd0b Capacidad: 7000 mAh<br \/>\nMODELO: \u2705 G5M10<br \/>\n\ud83d\udcbc Compatibilidad:<br \/>\n\u2705 Dell Latitude E5450 \/ E5550 \/ E5250 (15.6\u201d)<br \/>\n\u2705 Modelos: 8V5GX, R9XM9, WYJC2, 1KY05, 080-854-0066, 0WYJC2, 451-BBLN<\/p>\n<p>\ud83d\udcf2 Contacto: +593984123231<\/p>\n<p>\u2728 Dale m\u00e1s duraci\u00f3n y confianza a tu laptop con la bater\u00eda KBI001 \u2728<\/p>","protected":false},"featured_media":24843,"comment_status":"open","ping_status":"closed","template":"","meta":{"_acf_changed":false},"product_brand":[],"product_cat":[743,633],"product_tag":[],"class_list":{"0":"post-24891","1":"product","2":"type-product","3":"status-publish","4":"has-post-thumbnail","6":"product_cat-baterias-para-laptops","7":"product_cat-tecnologia","9":"first","10":"instock","11":"sale","12":"taxable","13":"shipping-taxable","14":"purchasable","15":"product-type-simple"},"acf":[],"_links":{"self":[{"href":"https:\/\/tiendaflex.ec\/en\/wp-json\/wp\/v2\/product\/24891","targetHints":{"allow":["GET"]}}],"collection":[{"href":"https:\/\/tiendaflex.ec\/en\/wp-json\/wp\/v2\/product"}],"about":[{"href":"https:\/\/tiendaflex.ec\/en\/wp-json\/wp\/v2\/types\/product"}],"replies":[{"embeddable":true,"href":"https:\/\/tiendaflex.ec\/en\/wp-json\/wp\/v2\/comments?post=24891"}],"version-history":[{"count":1,"href":"https:\/\/tiendaflex.ec\/en\/wp-json\/wp\/v2\/product\/24891\/revisions"}],"predecessor-version":[{"id":24892,"href":"https:\/\/tiendaflex.ec\/en\/wp-json\/wp\/v2\/product\/24891\/revisions\/24892"}],"wp:featuredmedia":[{"embeddable":true,"href":"https:\/\/tiendaflex.ec\/en\/wp-json\/wp\/v2\/media\/24843"}],"wp:attachment":[{"href":"https:\/\/tiendaflex.ec\/en\/wp-json\/wp\/v2\/media?parent=24891"}],"wp:term":[{"taxonomy":"product_brand","embeddable":true,"href":"https:\/\/tiendaflex.ec\/en\/wp-json\/wp\/v2\/product_brand?post=24891"},{"taxonomy":"product_cat","embeddable":true,"href":"https:\/\/tiendaflex.ec\/en\/wp-json\/wp\/v2\/product_cat?post=24891"},{"taxonomy":"product_tag","embeddable":true,"href":"https:\/\/tiendaflex.ec\/en\/wp-json\/wp\/v2\/product_tag?post=24891"}],"curies":[{"name":"wp","href":"https:\/\/api.w.org\/{rel}","templated":true}]}}