{"id":24804,"date":"2025-09-27T16:53:12","date_gmt":"2025-09-27T21:53:12","guid":{"rendered":"https:\/\/tiendaflex.ec\/?post_type=product&#038;p=24804"},"modified":"2025-09-27T16:53:12","modified_gmt":"2025-09-27T21:53:12","slug":"kb6120-bateria-dell","status":"publish","type":"product","link":"https:\/\/tiendaflex.ec\/en\/product\/kb6120-bateria-dell\/","title":{"rendered":"KB6120 &#8211; BATER\u00cdA DELL"},"content":{"rendered":"","protected":false},"excerpt":{"rendered":"<p>BATER\u00cdA DELL KB6120 \/ MODELO E6420 \ud83d\udcbb\ud83d\udd0b<\/p>\n<p>Energ\u00eda confiable y duradera para tu port\u00e1til Dell Inspiron y Latitude, ideal para mantener tu equipo siempre activo.<\/p>\n<p>\u2714\ufe0f P\/N: KB6120<br \/>\n\u2714\ufe0f C\u00f3digo: 04-01-030<br \/>\n\u2714\ufe0f Modelo: E6420<br \/>\n\u2714\ufe0f Voltaje: 11.1V<br \/>\n\u2714\ufe0f Capacidad: 5200mAh<br \/>\n\u2714\ufe0f Compatibilidad:<\/p>\n<p>Inspiron 17R-7720<\/p>\n<p>Inspiron 15R-7520<\/p>\n<p>Inspiron 14R-5420 \/ 14R-7420 \/ 14R-SE-7420<\/p>\n<p>Inspiron 15R-SE-7520 \/ 15R-SE<\/p>\n<p>Inspiron 17R-SE \/ 17R-SE-7720<\/p>\n<p>Inspiron 4420 \/ 4520 \/ 4720<\/p>\n<p>Inspiron 5420 \/ 5520 \/ 5720<\/p>\n<p>Inspiron 7420 \/ 7520 \/ 7720<\/p>\n<p>N\u00fameros de parte: 312-1325, UJ499, 312-1242, 2P2MJ, KJ321, 04NW9, 312-1163, 312-1165, 911MD, 4YRJH, 451-11694, 8P3YX, P16G<\/p>\n<p>\ud83d\udcf2 Cont\u00e1ctanos: +593984123231<\/p>\n<p>\u2728 Recupera el rendimiento y la autonom\u00eda de tu laptop Dell con una bater\u00eda de alto desempe\u00f1o \u2728<\/p>","protected":false},"featured_media":24745,"comment_status":"open","ping_status":"closed","template":"","meta":{"_acf_changed":false},"product_brand":[],"product_cat":[743,633],"product_tag":[],"class_list":{"0":"post-24804","1":"product","2":"type-product","3":"status-publish","4":"has-post-thumbnail","6":"product_cat-baterias-para-laptops","7":"product_cat-tecnologia","9":"first","10":"instock","11":"sale","12":"taxable","13":"shipping-taxable","14":"purchasable","15":"product-type-simple"},"acf":[],"_links":{"self":[{"href":"https:\/\/tiendaflex.ec\/en\/wp-json\/wp\/v2\/product\/24804","targetHints":{"allow":["GET"]}}],"collection":[{"href":"https:\/\/tiendaflex.ec\/en\/wp-json\/wp\/v2\/product"}],"about":[{"href":"https:\/\/tiendaflex.ec\/en\/wp-json\/wp\/v2\/types\/product"}],"replies":[{"embeddable":true,"href":"https:\/\/tiendaflex.ec\/en\/wp-json\/wp\/v2\/comments?post=24804"}],"version-history":[{"count":1,"href":"https:\/\/tiendaflex.ec\/en\/wp-json\/wp\/v2\/product\/24804\/revisions"}],"predecessor-version":[{"id":24805,"href":"https:\/\/tiendaflex.ec\/en\/wp-json\/wp\/v2\/product\/24804\/revisions\/24805"}],"wp:featuredmedia":[{"embeddable":true,"href":"https:\/\/tiendaflex.ec\/en\/wp-json\/wp\/v2\/media\/24745"}],"wp:attachment":[{"href":"https:\/\/tiendaflex.ec\/en\/wp-json\/wp\/v2\/media?parent=24804"}],"wp:term":[{"taxonomy":"product_brand","embeddable":true,"href":"https:\/\/tiendaflex.ec\/en\/wp-json\/wp\/v2\/product_brand?post=24804"},{"taxonomy":"product_cat","embeddable":true,"href":"https:\/\/tiendaflex.ec\/en\/wp-json\/wp\/v2\/product_cat?post=24804"},{"taxonomy":"product_tag","embeddable":true,"href":"https:\/\/tiendaflex.ec\/en\/wp-json\/wp\/v2\/product_tag?post=24804"}],"curies":[{"name":"wp","href":"https:\/\/api.w.org\/{rel}","templated":true}]}}