{"id":24775,"date":"2025-09-27T16:13:30","date_gmt":"2025-09-27T21:13:30","guid":{"rendered":"https:\/\/tiendaflex.ec\/?post_type=product&#038;p=24775"},"modified":"2025-09-27T16:13:49","modified_gmt":"2025-09-27T21:13:49","slug":"kb6167-bateria-dell-m5y1k","status":"publish","type":"product","link":"https:\/\/tiendaflex.ec\/en\/product\/kb6167-bateria-dell-m5y1k\/","title":{"rendered":"KB6167 &#8211; BATER\u00cdA DELL M5Y1K"},"content":{"rendered":"","protected":false},"excerpt":{"rendered":"<p>BATER\u00cdA DELL INSPIRON KB6167 \/ M5Y1K<\/p>\n<p>\u00a1Mant\u00e9n tu notebook Dell siempre encendida y lista para trabajar!<\/p>\n<p>\u2714\ufe0f P\/N: KB6167<br \/>\n\u2714\ufe0f C\u00f3digo: 04-01-015<br \/>\n\u2714\ufe0f Modelo comercial: M5Y1K<br \/>\n\u2714\ufe0f Voltaje: 14.8V<br \/>\n\u2714\ufe0f Capacidad: 2600mAh<br \/>\n\u2714\ufe0f Compatible con modelos:<br \/>\n\u25ab\ufe0f Inspiron 14 P64G \/ 3451 \/ 3458<br \/>\n\u25ab\ufe0f Inspiron 15 (3551) \/ (3558) \/ P47F \/ P60G \/ 545 \/ 5455 \/ 5458 \/ 5551 \/ 5555 \/ 5558 \/ P51F<br \/>\n\u25ab\ufe0f Inspiron 17 (5758) \/ P28E<br \/>\n\u25ab\ufe0f Vostro 14 (3458) \/ 15 (3558) \/ P65G \/ P52F<\/p>\n<p>\ud83d\udccc N\u00fameros de parte compatibles: M5Y1K, WKRJ2, GXVJ3, HD4J0, K185W<br \/>\n\ud83d\udccc Imagen de referencia, el producto puede variar del original.<\/p>\n<p>\ud83d\udcf2 Cont\u00e1ctanos: +593984123231<\/p>\n<p>\u2728 Bater\u00eda confiable para tu Dell, prolonga la vida \u00fatil de tu notebook con energ\u00eda estable y duradera \u2728<\/p>","protected":false},"featured_media":24737,"comment_status":"open","ping_status":"closed","template":"","meta":{"_acf_changed":false},"product_brand":[],"product_cat":[743,633],"product_tag":[],"class_list":{"0":"post-24775","1":"product","2":"type-product","3":"status-publish","4":"has-post-thumbnail","6":"product_cat-baterias-para-laptops","7":"product_cat-tecnologia","9":"first","10":"instock","11":"sale","12":"taxable","13":"shipping-taxable","14":"purchasable","15":"product-type-simple"},"acf":[],"_links":{"self":[{"href":"https:\/\/tiendaflex.ec\/en\/wp-json\/wp\/v2\/product\/24775","targetHints":{"allow":["GET"]}}],"collection":[{"href":"https:\/\/tiendaflex.ec\/en\/wp-json\/wp\/v2\/product"}],"about":[{"href":"https:\/\/tiendaflex.ec\/en\/wp-json\/wp\/v2\/types\/product"}],"replies":[{"embeddable":true,"href":"https:\/\/tiendaflex.ec\/en\/wp-json\/wp\/v2\/comments?post=24775"}],"version-history":[{"count":2,"href":"https:\/\/tiendaflex.ec\/en\/wp-json\/wp\/v2\/product\/24775\/revisions"}],"predecessor-version":[{"id":24777,"href":"https:\/\/tiendaflex.ec\/en\/wp-json\/wp\/v2\/product\/24775\/revisions\/24777"}],"wp:featuredmedia":[{"embeddable":true,"href":"https:\/\/tiendaflex.ec\/en\/wp-json\/wp\/v2\/media\/24737"}],"wp:attachment":[{"href":"https:\/\/tiendaflex.ec\/en\/wp-json\/wp\/v2\/media?parent=24775"}],"wp:term":[{"taxonomy":"product_brand","embeddable":true,"href":"https:\/\/tiendaflex.ec\/en\/wp-json\/wp\/v2\/product_brand?post=24775"},{"taxonomy":"product_cat","embeddable":true,"href":"https:\/\/tiendaflex.ec\/en\/wp-json\/wp\/v2\/product_cat?post=24775"},{"taxonomy":"product_tag","embeddable":true,"href":"https:\/\/tiendaflex.ec\/en\/wp-json\/wp\/v2\/product_tag?post=24775"}],"curies":[{"name":"wp","href":"https:\/\/api.w.org\/{rel}","templated":true}]}}