{"id":24773,"date":"2025-09-26T22:03:50","date_gmt":"2025-09-27T03:03:50","guid":{"rendered":"https:\/\/tiendaflex.ec\/?post_type=product&#038;p=24773"},"modified":"2025-09-26T22:03:51","modified_gmt":"2025-09-27T03:03:51","slug":"kb6161-bateria-dell-inspiron-xcmrd","status":"publish","type":"product","link":"https:\/\/tiendaflex.ec\/en\/product\/kb6161-bateria-dell-inspiron-xcmrd\/","title":{"rendered":"KB6161 &#8211; BATER\u00cdA DELL INSPIRON \/ XCMRD"},"content":{"rendered":"","protected":false},"excerpt":{"rendered":"<p>\u00a1Recarga tu port\u00e1til Dell y mant\u00e9n tu productividad al m\u00e1ximo!<\/p>\n<p>\u2714\ufe0f P\/N: KB6161<br \/>\n\u2714\ufe0f C\u00f3digo: 04-01-016<br \/>\n\u2714\ufe0f Modelo comercial: XCMRD<br \/>\n\u2714\ufe0f Voltaje: 14.8V<br \/>\n\u2714\ufe0f Capacidad: 40Wh<br \/>\n\u2714\ufe0f Compatible con:<br \/>\n\u25ab\ufe0f Dell Inspiron 14 (3421) \/ 14R (5421)<br \/>\n\u25ab\ufe0f Dell Inspiron 15 (3521) \/ 15R (5521)<br \/>\n\u25ab\ufe0f Dell Inspiron 17 (3721) \/ 1711 (5721)<br \/>\n\u25ab\ufe0f Dell Vostro 2421 \/ 2521<br \/>\n\u25ab\ufe0f Dell Latitude 3440 \/ 3540 \/ E3440<\/p>\n<p>\ud83d\udccc N\u00fameros de parte compatibles: XCMRDMR90Y<br \/>\n\ud83d\udccc Imagen de referencia, el producto puede variar del original.<\/p>\n<p>\ud83d\udcf2 Cont\u00e1ctanos: +593984123231<\/p>\n<p>\u2728 Energ\u00eda confiable para tu Dell, asegura un rendimiento duradero y estable \u2728<\/p>","protected":false},"featured_media":24732,"comment_status":"open","ping_status":"closed","template":"","meta":{"_acf_changed":false},"product_brand":[],"product_cat":[743,633],"product_tag":[],"class_list":{"0":"post-24773","1":"product","2":"type-product","3":"status-publish","4":"has-post-thumbnail","6":"product_cat-baterias-para-laptops","7":"product_cat-tecnologia","9":"first","10":"instock","11":"sale","12":"taxable","13":"shipping-taxable","14":"purchasable","15":"product-type-simple"},"acf":[],"_links":{"self":[{"href":"https:\/\/tiendaflex.ec\/en\/wp-json\/wp\/v2\/product\/24773","targetHints":{"allow":["GET"]}}],"collection":[{"href":"https:\/\/tiendaflex.ec\/en\/wp-json\/wp\/v2\/product"}],"about":[{"href":"https:\/\/tiendaflex.ec\/en\/wp-json\/wp\/v2\/types\/product"}],"replies":[{"embeddable":true,"href":"https:\/\/tiendaflex.ec\/en\/wp-json\/wp\/v2\/comments?post=24773"}],"version-history":[{"count":1,"href":"https:\/\/tiendaflex.ec\/en\/wp-json\/wp\/v2\/product\/24773\/revisions"}],"predecessor-version":[{"id":24774,"href":"https:\/\/tiendaflex.ec\/en\/wp-json\/wp\/v2\/product\/24773\/revisions\/24774"}],"wp:featuredmedia":[{"embeddable":true,"href":"https:\/\/tiendaflex.ec\/en\/wp-json\/wp\/v2\/media\/24732"}],"wp:attachment":[{"href":"https:\/\/tiendaflex.ec\/en\/wp-json\/wp\/v2\/media?parent=24773"}],"wp:term":[{"taxonomy":"product_brand","embeddable":true,"href":"https:\/\/tiendaflex.ec\/en\/wp-json\/wp\/v2\/product_brand?post=24773"},{"taxonomy":"product_cat","embeddable":true,"href":"https:\/\/tiendaflex.ec\/en\/wp-json\/wp\/v2\/product_cat?post=24773"},{"taxonomy":"product_tag","embeddable":true,"href":"https:\/\/tiendaflex.ec\/en\/wp-json\/wp\/v2\/product_tag?post=24773"}],"curies":[{"name":"wp","href":"https:\/\/api.w.org\/{rel}","templated":true}]}}