{"id":24771,"date":"2025-09-26T21:57:04","date_gmt":"2025-09-27T02:57:04","guid":{"rendered":"https:\/\/tiendaflex.ec\/?post_type=product&#038;p=24771"},"modified":"2025-09-26T21:57:04","modified_gmt":"2025-09-27T02:57:04","slug":"kb6119-bateria-dell-inspiron-14v","status":"publish","type":"product","link":"https:\/\/tiendaflex.ec\/en\/product\/kb6119-bateria-dell-inspiron-14v\/","title":{"rendered":"KB6119 &#8211; BATER\u00cdA DELL INSPIRON 14V"},"content":{"rendered":"","protected":false},"excerpt":{"rendered":"<p>\u00a1Reemplaza tu bater\u00eda y disfruta de m\u00e1s horas de uso en tu port\u00e1til Dell!<\/p>\n<p>\u2714\ufe0f P\/N: KB6119<br \/>\n\u2714\ufe0f C\u00f3digo: 04-01-012<br \/>\n\u2714\ufe0f Modelo comercial: DE14V<br \/>\n\u2714\ufe0f Voltaje: 10.8V<br \/>\n\u2714\ufe0f Capacidad: 5200mAh \/ 56Wh<br \/>\n\u2714\ufe0f Compatible con:<br \/>\n\u25ab\ufe0f Dell Inspiron 14V Series<br \/>\n\u25ab\ufe0f Dell Inspiron 14VR Series<br \/>\n\u25ab\ufe0f Dell Inspiron M4010 Series<br \/>\n\u25ab\ufe0f Dell Inspiron N4020 Series<br \/>\n\u25ab\ufe0f Dell Inspiron N4030 Series \/ N4030D Series<\/p>\n<p>\ud83d\udccc N\u00fameros de parte compatibles: TKV2V, W4FYY, X3X3X, 0M4RNN, FMHC10<br \/>\n\ud83d\udccc Imagen de referencia, el producto puede variar del original.<\/p>\n<p>\ud83d\udcf2 Cont\u00e1ctanos: +593984123231<\/p>\n<p>\u2728 Energ\u00eda confiable para tu Dell Inspiron, mant\u00e9n tu port\u00e1til funcionando como nuevo \u2728<\/p>","protected":false},"featured_media":24736,"comment_status":"open","ping_status":"closed","template":"","meta":{"_acf_changed":false},"product_brand":[],"product_cat":[743,633],"product_tag":[],"class_list":{"0":"post-24771","1":"product","2":"type-product","3":"status-publish","4":"has-post-thumbnail","6":"product_cat-baterias-para-laptops","7":"product_cat-tecnologia","9":"first","10":"instock","11":"sale","12":"taxable","13":"shipping-taxable","14":"purchasable","15":"product-type-simple"},"acf":[],"_links":{"self":[{"href":"https:\/\/tiendaflex.ec\/en\/wp-json\/wp\/v2\/product\/24771","targetHints":{"allow":["GET"]}}],"collection":[{"href":"https:\/\/tiendaflex.ec\/en\/wp-json\/wp\/v2\/product"}],"about":[{"href":"https:\/\/tiendaflex.ec\/en\/wp-json\/wp\/v2\/types\/product"}],"replies":[{"embeddable":true,"href":"https:\/\/tiendaflex.ec\/en\/wp-json\/wp\/v2\/comments?post=24771"}],"version-history":[{"count":1,"href":"https:\/\/tiendaflex.ec\/en\/wp-json\/wp\/v2\/product\/24771\/revisions"}],"predecessor-version":[{"id":24772,"href":"https:\/\/tiendaflex.ec\/en\/wp-json\/wp\/v2\/product\/24771\/revisions\/24772"}],"wp:featuredmedia":[{"embeddable":true,"href":"https:\/\/tiendaflex.ec\/en\/wp-json\/wp\/v2\/media\/24736"}],"wp:attachment":[{"href":"https:\/\/tiendaflex.ec\/en\/wp-json\/wp\/v2\/media?parent=24771"}],"wp:term":[{"taxonomy":"product_brand","embeddable":true,"href":"https:\/\/tiendaflex.ec\/en\/wp-json\/wp\/v2\/product_brand?post=24771"},{"taxonomy":"product_cat","embeddable":true,"href":"https:\/\/tiendaflex.ec\/en\/wp-json\/wp\/v2\/product_cat?post=24771"},{"taxonomy":"product_tag","embeddable":true,"href":"https:\/\/tiendaflex.ec\/en\/wp-json\/wp\/v2\/product_tag?post=24771"}],"curies":[{"name":"wp","href":"https:\/\/api.w.org\/{rel}","templated":true}]}}