{"id":24765,"date":"2025-09-26T21:52:54","date_gmt":"2025-09-27T02:52:54","guid":{"rendered":"https:\/\/tiendaflex.ec\/?post_type=product&#038;p=24765"},"modified":"2025-09-26T21:52:54","modified_gmt":"2025-09-27T02:52:54","slug":"6535b-bateria-para-hp","status":"publish","type":"product","link":"https:\/\/tiendaflex.ec\/en\/product\/6535b-bateria-para-hp\/","title":{"rendered":"6535B &#8211; BATER\u00cdA PARA HP"},"content":{"rendered":"","protected":false},"excerpt":{"rendered":"<p>\u00a1Recupera el rendimiento de tu port\u00e1til con una bater\u00eda de larga duraci\u00f3n!<\/p>\n<p>\u2714\ufe0f P\/N: KB7016<br \/>\n\u2714\ufe0f C\u00f3digo: 04-01-017<br \/>\n\u2714\ufe0f Voltaje: 10,8V<br \/>\n\u2714\ufe0f Capacidad: 5200mAh \/ 56Wh<br \/>\n\u2714\ufe0f Compatible con:<br \/>\n\u25ab\ufe0f HP 6530B \/ 6535B<br \/>\n\u25ab\ufe0f HP 6730B \/ 6735B<br \/>\n\u25ab\ufe0f HSTNN-UB69<\/p>\n<p>\ud83d\udccc Imagen de referencia. El producto puede variar del original.<\/p>\n<p>\ud83d\udcf2 Cont\u00e1ctanos: +593984123231<\/p>\n<p>\u2728 M\u00e1s energ\u00eda, m\u00e1s productividad para tu laptop HP \u2728<\/p>","protected":false},"featured_media":24741,"comment_status":"open","ping_status":"closed","template":"","meta":{"_acf_changed":false},"product_brand":[],"product_cat":[743,633],"product_tag":[],"class_list":{"0":"post-24765","1":"product","2":"type-product","3":"status-publish","4":"has-post-thumbnail","6":"product_cat-baterias-para-laptops","7":"product_cat-tecnologia","9":"first","10":"instock","11":"sale","12":"taxable","13":"shipping-taxable","14":"purchasable","15":"product-type-simple"},"acf":[],"_links":{"self":[{"href":"https:\/\/tiendaflex.ec\/en\/wp-json\/wp\/v2\/product\/24765","targetHints":{"allow":["GET"]}}],"collection":[{"href":"https:\/\/tiendaflex.ec\/en\/wp-json\/wp\/v2\/product"}],"about":[{"href":"https:\/\/tiendaflex.ec\/en\/wp-json\/wp\/v2\/types\/product"}],"replies":[{"embeddable":true,"href":"https:\/\/tiendaflex.ec\/en\/wp-json\/wp\/v2\/comments?post=24765"}],"version-history":[{"count":2,"href":"https:\/\/tiendaflex.ec\/en\/wp-json\/wp\/v2\/product\/24765\/revisions"}],"predecessor-version":[{"id":24767,"href":"https:\/\/tiendaflex.ec\/en\/wp-json\/wp\/v2\/product\/24765\/revisions\/24767"}],"wp:featuredmedia":[{"embeddable":true,"href":"https:\/\/tiendaflex.ec\/en\/wp-json\/wp\/v2\/media\/24741"}],"wp:attachment":[{"href":"https:\/\/tiendaflex.ec\/en\/wp-json\/wp\/v2\/media?parent=24765"}],"wp:term":[{"taxonomy":"product_brand","embeddable":true,"href":"https:\/\/tiendaflex.ec\/en\/wp-json\/wp\/v2\/product_brand?post=24765"},{"taxonomy":"product_cat","embeddable":true,"href":"https:\/\/tiendaflex.ec\/en\/wp-json\/wp\/v2\/product_cat?post=24765"},{"taxonomy":"product_tag","embeddable":true,"href":"https:\/\/tiendaflex.ec\/en\/wp-json\/wp\/v2\/product_tag?post=24765"}],"curies":[{"name":"wp","href":"https:\/\/api.w.org\/{rel}","templated":true}]}}