{"id":24763,"date":"2025-09-26T21:50:25","date_gmt":"2025-09-27T02:50:25","guid":{"rendered":"https:\/\/tiendaflex.ec\/?post_type=product&#038;p=24763"},"modified":"2025-09-26T21:50:26","modified_gmt":"2025-09-27T02:50:26","slug":"cq321ph06-bateria-para-hp-compaq","status":"publish","type":"product","link":"https:\/\/tiendaflex.ec\/en\/product\/cq321ph06-bateria-para-hp-compaq\/","title":{"rendered":"CQ321PH06 &#8211; BATER\u00cdA PARA HP \/ COMPAQ"},"content":{"rendered":"","protected":false},"excerpt":{"rendered":"<p>\u00a1Rinde m\u00e1s tiempo con una bater\u00eda confiable para tu port\u00e1til!<\/p>\n<p>\u2714\ufe0f Modelo: KA10019LO<br \/>\n\u2714\ufe0f C\u00f3digo: 04-01-024<br \/>\n\u2714\ufe0f Voltaje: 10.8V<br \/>\n\u2714\ufe0f Capacidad: 5200mAh \u2013 56Wh<br \/>\n\u2714\ufe0f Compatible con:<br \/>\n\u25ab\ufe0f HP Compaq 320 \/ 321 \/ 325 \/ 326<br \/>\n\u25ab\ufe0f HP Compaq 420 \/ 421 \/ 425 \/ 525<br \/>\n\u25ab\ufe0f HP Compaq 620 \/ 621 \/ 625<br \/>\n\u25ab\ufe0f HP 420 \/ 421 \/ 425 \/ 4320T \/ 620 \/ 625<br \/>\n\u25ab\ufe0f HP ProBook 4320s \/ 4321s \/ 4325s \/ 4326s<br \/>\n\u25ab\ufe0f HP ProBook 4420s \/ 4421s \/ 4425s<br \/>\n\u25ab\ufe0f HP ProBook 4520s \/ 4525s<\/p>\n<p>\ud83d\udccc Imagen de referencia. El producto puede variar del original.<\/p>\n<p>\ud83d\udcf2 Cont\u00e1ctanos: +593984123231<\/p>\n<p>\u2728 Energ\u00eda confiable para prolongar la vida de tu equipo \u2728<\/p>","protected":false},"featured_media":24740,"comment_status":"open","ping_status":"closed","template":"","meta":{"_acf_changed":false},"product_brand":[],"product_cat":[743,633],"product_tag":[],"class_list":{"0":"post-24763","1":"product","2":"type-product","3":"status-publish","4":"has-post-thumbnail","6":"product_cat-baterias-para-laptops","7":"product_cat-tecnologia","9":"first","10":"instock","11":"sale","12":"taxable","13":"shipping-taxable","14":"purchasable","15":"product-type-simple"},"acf":[],"_links":{"self":[{"href":"https:\/\/tiendaflex.ec\/en\/wp-json\/wp\/v2\/product\/24763","targetHints":{"allow":["GET"]}}],"collection":[{"href":"https:\/\/tiendaflex.ec\/en\/wp-json\/wp\/v2\/product"}],"about":[{"href":"https:\/\/tiendaflex.ec\/en\/wp-json\/wp\/v2\/types\/product"}],"replies":[{"embeddable":true,"href":"https:\/\/tiendaflex.ec\/en\/wp-json\/wp\/v2\/comments?post=24763"}],"version-history":[{"count":1,"href":"https:\/\/tiendaflex.ec\/en\/wp-json\/wp\/v2\/product\/24763\/revisions"}],"predecessor-version":[{"id":24764,"href":"https:\/\/tiendaflex.ec\/en\/wp-json\/wp\/v2\/product\/24763\/revisions\/24764"}],"wp:featuredmedia":[{"embeddable":true,"href":"https:\/\/tiendaflex.ec\/en\/wp-json\/wp\/v2\/media\/24740"}],"wp:attachment":[{"href":"https:\/\/tiendaflex.ec\/en\/wp-json\/wp\/v2\/media?parent=24763"}],"wp:term":[{"taxonomy":"product_brand","embeddable":true,"href":"https:\/\/tiendaflex.ec\/en\/wp-json\/wp\/v2\/product_brand?post=24763"},{"taxonomy":"product_cat","embeddable":true,"href":"https:\/\/tiendaflex.ec\/en\/wp-json\/wp\/v2\/product_cat?post=24763"},{"taxonomy":"product_tag","embeddable":true,"href":"https:\/\/tiendaflex.ec\/en\/wp-json\/wp\/v2\/product_tag?post=24763"}],"curies":[{"name":"wp","href":"https:\/\/api.w.org\/{rel}","templated":true}]}}