{"id":24761,"date":"2025-09-26T21:48:29","date_gmt":"2025-09-27T02:48:29","guid":{"rendered":"https:\/\/tiendaflex.ec\/?post_type=product&#038;p=24761"},"modified":"2025-09-26T21:51:33","modified_gmt":"2025-09-27T02:51:33","slug":"vk04-bateria-para-laptop-hp","status":"publish","type":"product","link":"https:\/\/tiendaflex.ec\/en\/product\/vk04-bateria-para-laptop-hp\/","title":{"rendered":"VK04 &#8211; BATER\u00cdA PARA LAPTOP HP"},"content":{"rendered":"","protected":false},"excerpt":{"rendered":"<p>\u00a1Devu\u00e9lvele la vida a tu port\u00e1til con energ\u00eda confiable y duradera!<\/p>\n<p>\u2714\ufe0f Modelo comercial: TPN Q115VK04<br \/>\n\u2714\ufe0f Voltaje: 14.8V<br \/>\n\u2714\ufe0f Capacidad: 5200mAh<br \/>\n\u2714\ufe0f Compatible con:<br \/>\n\u25ab\ufe0f 694864-851<br \/>\n\u25ab\ufe0f HSTNN-YB4D<br \/>\n\u25ab\ufe0f VK04<br \/>\n\u25ab\ufe0f Pavilion 14 \/ 14T \/ 14Z Series<br \/>\n\u25ab\ufe0f Pavilion 15 \/ 15T \/ 15Z Series<br \/>\n\u25ab\ufe0f Pavilion Sleekbook 14 \/ 14T \/ 14Z Series<br \/>\n\u25ab\ufe0f Pavilion Sleekbook 15 \/ 15T \/ 15Z Series<\/p>\n<p>\ud83d\udcf2 Cont\u00e1ctanos: +593984123231<\/p>\n<p>\u2728 M\u00e1s energ\u00eda, m\u00e1s productividad, m\u00e1s confianza para tu laptop \u2728<\/p>","protected":false},"featured_media":24739,"comment_status":"open","ping_status":"closed","template":"","meta":{"_acf_changed":false},"product_brand":[],"product_cat":[743,633],"product_tag":[],"class_list":{"0":"post-24761","1":"product","2":"type-product","3":"status-publish","4":"has-post-thumbnail","6":"product_cat-baterias-para-laptops","7":"product_cat-tecnologia","9":"first","10":"instock","11":"sale","12":"taxable","13":"shipping-taxable","14":"purchasable","15":"product-type-simple"},"acf":[],"_links":{"self":[{"href":"https:\/\/tiendaflex.ec\/en\/wp-json\/wp\/v2\/product\/24761","targetHints":{"allow":["GET"]}}],"collection":[{"href":"https:\/\/tiendaflex.ec\/en\/wp-json\/wp\/v2\/product"}],"about":[{"href":"https:\/\/tiendaflex.ec\/en\/wp-json\/wp\/v2\/types\/product"}],"replies":[{"embeddable":true,"href":"https:\/\/tiendaflex.ec\/en\/wp-json\/wp\/v2\/comments?post=24761"}],"version-history":[{"count":1,"href":"https:\/\/tiendaflex.ec\/en\/wp-json\/wp\/v2\/product\/24761\/revisions"}],"predecessor-version":[{"id":24762,"href":"https:\/\/tiendaflex.ec\/en\/wp-json\/wp\/v2\/product\/24761\/revisions\/24762"}],"wp:featuredmedia":[{"embeddable":true,"href":"https:\/\/tiendaflex.ec\/en\/wp-json\/wp\/v2\/media\/24739"}],"wp:attachment":[{"href":"https:\/\/tiendaflex.ec\/en\/wp-json\/wp\/v2\/media?parent=24761"}],"wp:term":[{"taxonomy":"product_brand","embeddable":true,"href":"https:\/\/tiendaflex.ec\/en\/wp-json\/wp\/v2\/product_brand?post=24761"},{"taxonomy":"product_cat","embeddable":true,"href":"https:\/\/tiendaflex.ec\/en\/wp-json\/wp\/v2\/product_cat?post=24761"},{"taxonomy":"product_tag","embeddable":true,"href":"https:\/\/tiendaflex.ec\/en\/wp-json\/wp\/v2\/product_tag?post=24761"}],"curies":[{"name":"wp","href":"https:\/\/api.w.org\/{rel}","templated":true}]}}