{"id":24728,"date":"2025-09-25T00:59:34","date_gmt":"2025-09-25T05:59:34","guid":{"rendered":"https:\/\/tiendaflex.ec\/?post_type=product&#038;p=24728"},"modified":"2025-09-25T00:59:35","modified_gmt":"2025-09-25T05:59:35","slug":"mt-c4120-combo-teclado","status":"publish","type":"product","link":"https:\/\/tiendaflex.ec\/en\/product\/mt-c4120-combo-teclado\/","title":{"rendered":"MT-C4120 &#8211; COMBO TECLADO"},"content":{"rendered":"","protected":false},"excerpt":{"rendered":"<p>COMBO TECLADO + MOUSE MT-C4120 \ud83e\udd0d<\/p>\n<p>Pr\u00e1ctico, ergon\u00f3mico y con conexi\u00f3n confiable para tu d\u00eda a d\u00eda:<\/p>\n<p>\u2714\ufe0f Dise\u00f1o ergon\u00f3mico para mayor comodidad<br \/>\n\u2714\ufe0f Rango de alcance: 10 metros<br \/>\n\u2714\ufe0f Teclado est\u00e1ndar de 105 teclas<br \/>\n\u2714\ufe0f Interfaz: USB con nano receptor<br \/>\n\u2714\ufe0f Dimensiones teclado: 433\u00d7133\u00d723,5 mm<br \/>\n\u2714\ufe0f Dimensiones mouse: 110\u00d760\u00d737 mm<br \/>\n\u2714\ufe0f Color: Negro elegante<\/p>\n<p>\ud83d\udcf2 Cont\u00e1ctanos: +593 984 123 231<\/p>\n<p>\u2728 Un combo completo, funcional y con estilo. \u00a1Ideal para oficina o estudio! \u2728<\/p>","protected":false},"featured_media":24677,"comment_status":"open","ping_status":"closed","template":"","meta":{"_acf_changed":false},"product_brand":[],"product_cat":[741,633],"product_tag":[],"class_list":{"0":"post-24728","1":"product","2":"type-product","3":"status-publish","4":"has-post-thumbnail","6":"product_cat-teclados","7":"product_cat-tecnologia","9":"first","10":"instock","11":"sale","12":"taxable","13":"shipping-taxable","14":"purchasable","15":"product-type-simple"},"acf":[],"_links":{"self":[{"href":"https:\/\/tiendaflex.ec\/en\/wp-json\/wp\/v2\/product\/24728","targetHints":{"allow":["GET"]}}],"collection":[{"href":"https:\/\/tiendaflex.ec\/en\/wp-json\/wp\/v2\/product"}],"about":[{"href":"https:\/\/tiendaflex.ec\/en\/wp-json\/wp\/v2\/types\/product"}],"replies":[{"embeddable":true,"href":"https:\/\/tiendaflex.ec\/en\/wp-json\/wp\/v2\/comments?post=24728"}],"version-history":[{"count":2,"href":"https:\/\/tiendaflex.ec\/en\/wp-json\/wp\/v2\/product\/24728\/revisions"}],"predecessor-version":[{"id":24730,"href":"https:\/\/tiendaflex.ec\/en\/wp-json\/wp\/v2\/product\/24728\/revisions\/24730"}],"wp:featuredmedia":[{"embeddable":true,"href":"https:\/\/tiendaflex.ec\/en\/wp-json\/wp\/v2\/media\/24677"}],"wp:attachment":[{"href":"https:\/\/tiendaflex.ec\/en\/wp-json\/wp\/v2\/media?parent=24728"}],"wp:term":[{"taxonomy":"product_brand","embeddable":true,"href":"https:\/\/tiendaflex.ec\/en\/wp-json\/wp\/v2\/product_brand?post=24728"},{"taxonomy":"product_cat","embeddable":true,"href":"https:\/\/tiendaflex.ec\/en\/wp-json\/wp\/v2\/product_cat?post=24728"},{"taxonomy":"product_tag","embeddable":true,"href":"https:\/\/tiendaflex.ec\/en\/wp-json\/wp\/v2\/product_tag?post=24728"}],"curies":[{"name":"wp","href":"https:\/\/api.w.org\/{rel}","templated":true}]}}