{"id":24724,"date":"2025-09-25T00:55:49","date_gmt":"2025-09-25T05:55:49","guid":{"rendered":"https:\/\/tiendaflex.ec\/?post_type=product&#038;p=24724"},"modified":"2025-09-25T00:55:50","modified_gmt":"2025-09-25T05:55:50","slug":"btm002-mouse-wireless","status":"publish","type":"product","link":"https:\/\/tiendaflex.ec\/en\/product\/btm002-mouse-wireless\/","title":{"rendered":"BTM002 &#8211; MOUSE WIRELESS"},"content":{"rendered":"","protected":false},"excerpt":{"rendered":"<p>Elegancia y rendimiento para tu oficina o gaming:<\/p>\n<p>\u2714\ufe0f Modelo: BTM002<br \/>\n\u2714\ufe0f Colores disponibles: Azul, Khaki, Blanco, Negro, Rosado<br \/>\n\u2714\ufe0f Conectividad: Bluetooth modo dual + USB\/Tipo-C<br \/>\n\u2714\ufe0f Distancia inal\u00e1mbrica: Hasta 10 m<br \/>\n\u2714\ufe0f DPI ajustable: 1000 \/ 1200 \/ 1600<br \/>\n\u2714\ufe0f Dise\u00f1o: Silencioso y ergon\u00f3mico, ideal para largas horas de uso<br \/>\n\u2714\ufe0f Compatibilidad: Windows XP\/Vista\/7\/8\/10\/11 y macOS<\/p>\n<p>\ud83d\udcf2 Cont\u00e1ctanos: +593 984 123 231<\/p>\n<p>\u26a1 Mouse inal\u00e1mbrico pr\u00e1ctico, elegante y de alta precisi\u00f3n.<\/p>","protected":false},"featured_media":24690,"comment_status":"open","ping_status":"closed","template":"","meta":{"_acf_changed":false},"product_brand":[],"product_cat":[742,633],"product_tag":[],"class_list":{"0":"post-24724","1":"product","2":"type-product","3":"status-publish","4":"has-post-thumbnail","6":"product_cat-mouses","7":"product_cat-tecnologia","9":"first","10":"instock","11":"sale","12":"taxable","13":"shipping-taxable","14":"purchasable","15":"product-type-simple"},"acf":[],"_links":{"self":[{"href":"https:\/\/tiendaflex.ec\/en\/wp-json\/wp\/v2\/product\/24724","targetHints":{"allow":["GET"]}}],"collection":[{"href":"https:\/\/tiendaflex.ec\/en\/wp-json\/wp\/v2\/product"}],"about":[{"href":"https:\/\/tiendaflex.ec\/en\/wp-json\/wp\/v2\/types\/product"}],"replies":[{"embeddable":true,"href":"https:\/\/tiendaflex.ec\/en\/wp-json\/wp\/v2\/comments?post=24724"}],"version-history":[{"count":1,"href":"https:\/\/tiendaflex.ec\/en\/wp-json\/wp\/v2\/product\/24724\/revisions"}],"predecessor-version":[{"id":24725,"href":"https:\/\/tiendaflex.ec\/en\/wp-json\/wp\/v2\/product\/24724\/revisions\/24725"}],"wp:featuredmedia":[{"embeddable":true,"href":"https:\/\/tiendaflex.ec\/en\/wp-json\/wp\/v2\/media\/24690"}],"wp:attachment":[{"href":"https:\/\/tiendaflex.ec\/en\/wp-json\/wp\/v2\/media?parent=24724"}],"wp:term":[{"taxonomy":"product_brand","embeddable":true,"href":"https:\/\/tiendaflex.ec\/en\/wp-json\/wp\/v2\/product_brand?post=24724"},{"taxonomy":"product_cat","embeddable":true,"href":"https:\/\/tiendaflex.ec\/en\/wp-json\/wp\/v2\/product_cat?post=24724"},{"taxonomy":"product_tag","embeddable":true,"href":"https:\/\/tiendaflex.ec\/en\/wp-json\/wp\/v2\/product_tag?post=24724"}],"curies":[{"name":"wp","href":"https:\/\/api.w.org\/{rel}","templated":true}]}}