{"id":24710,"date":"2025-09-25T00:43:59","date_gmt":"2025-09-25T05:43:59","guid":{"rendered":"https:\/\/tiendaflex.ec\/?post_type=product&#038;p=24710"},"modified":"2025-09-25T00:43:59","modified_gmt":"2025-09-25T05:43:59","slug":"director-c2-combo-wireless","status":"publish","type":"product","link":"https:\/\/tiendaflex.ec\/en\/product\/director-c2-combo-wireless\/","title":{"rendered":"DIRECTOR C2 &#8211; COMBO WIRELESS"},"content":{"rendered":"","protected":false},"excerpt":{"rendered":"<p>Comodidad y rendimiento en un solo set:<\/p>\n<p>\u2714\ufe0f Modelo: Director C2<br \/>\n\u2714\ufe0f Conectividad: Wireless con interfaz Tipo C<br \/>\n\u2714\ufe0f Bater\u00eda: Recargable<br \/>\n\u2714\ufe0f Teclado: 113 teclas, dimensiones 485 x 255 x 46.5 mm<br \/>\n\u2714\ufe0f Mouse: 5 + 1 botones, resoluci\u00f3n 800-2400 DPI<br \/>\n\u2714\ufe0f Funci\u00f3n multitarea: Conexi\u00f3n simult\u00e1nea de 3 dispositivos y cambio r\u00e1pido con un solo clic<br \/>\n\u2714\ufe0f Dise\u00f1o ergon\u00f3mico: Mayor comodidad para mu\u00f1eca y palma<\/p>\n<p>\ud83d\udcf2 Cont\u00e1ctanos: +593 984 123 231<\/p>\n<p>\u26a1 Perfecto para trabajar, estudiar o jugar con estilo y comodidad.<\/p>","protected":false},"featured_media":24681,"comment_status":"open","ping_status":"closed","template":"","meta":{"_acf_changed":false},"product_brand":[],"product_cat":[741,633],"product_tag":[],"class_list":{"0":"post-24710","1":"product","2":"type-product","3":"status-publish","4":"has-post-thumbnail","6":"product_cat-teclados","7":"product_cat-tecnologia","9":"first","10":"instock","11":"sale","12":"taxable","13":"shipping-taxable","14":"purchasable","15":"product-type-simple"},"acf":[],"_links":{"self":[{"href":"https:\/\/tiendaflex.ec\/en\/wp-json\/wp\/v2\/product\/24710","targetHints":{"allow":["GET"]}}],"collection":[{"href":"https:\/\/tiendaflex.ec\/en\/wp-json\/wp\/v2\/product"}],"about":[{"href":"https:\/\/tiendaflex.ec\/en\/wp-json\/wp\/v2\/types\/product"}],"replies":[{"embeddable":true,"href":"https:\/\/tiendaflex.ec\/en\/wp-json\/wp\/v2\/comments?post=24710"}],"version-history":[{"count":2,"href":"https:\/\/tiendaflex.ec\/en\/wp-json\/wp\/v2\/product\/24710\/revisions"}],"predecessor-version":[{"id":24712,"href":"https:\/\/tiendaflex.ec\/en\/wp-json\/wp\/v2\/product\/24710\/revisions\/24712"}],"wp:featuredmedia":[{"embeddable":true,"href":"https:\/\/tiendaflex.ec\/en\/wp-json\/wp\/v2\/media\/24681"}],"wp:attachment":[{"href":"https:\/\/tiendaflex.ec\/en\/wp-json\/wp\/v2\/media?parent=24710"}],"wp:term":[{"taxonomy":"product_brand","embeddable":true,"href":"https:\/\/tiendaflex.ec\/en\/wp-json\/wp\/v2\/product_brand?post=24710"},{"taxonomy":"product_cat","embeddable":true,"href":"https:\/\/tiendaflex.ec\/en\/wp-json\/wp\/v2\/product_cat?post=24710"},{"taxonomy":"product_tag","embeddable":true,"href":"https:\/\/tiendaflex.ec\/en\/wp-json\/wp\/v2\/product_tag?post=24710"}],"curies":[{"name":"wp","href":"https:\/\/api.w.org\/{rel}","templated":true}]}}