{"id":24708,"date":"2025-09-25T00:42:02","date_gmt":"2025-09-25T05:42:02","guid":{"rendered":"https:\/\/tiendaflex.ec\/?post_type=product&#038;p=24708"},"modified":"2025-09-25T00:42:02","modified_gmt":"2025-09-25T05:42:02","slug":"mt-btk001-teclado-plegable","status":"publish","type":"product","link":"https:\/\/tiendaflex.ec\/en\/product\/mt-btk001-teclado-plegable\/","title":{"rendered":"MT-BTK001 &#8211; TECLADO PLEGABLE"},"content":{"rendered":"","protected":false},"excerpt":{"rendered":"<p>Tecnolog\u00eda y portabilidad para tu d\u00eda a d\u00eda:<\/p>\n<p>\u2714\ufe0f Conectividad Wireless y Bluetooth<br \/>\n\u2714\ufe0f Rango de alcance: hasta 10 metros<br \/>\n\u2714\ufe0f N\u00famero de teclas: 67<br \/>\n\u2714\ufe0f Interfaz: Tipo C o USB con cable<br \/>\n\u2714\ufe0f Dimensiones compactas: 282 x 85 x 8.8 mm<br \/>\n\u2714\ufe0f C\u00f3digo: MT-BTK001<\/p>\n<p>\ud83d\udcf2 Cont\u00e1ctanos: +593 984 123 231<\/p>\n<p>\u26a1 Ideal para llevar y trabajar desde cualquier lugar con comodidad.<\/p>","protected":false},"featured_media":24682,"comment_status":"open","ping_status":"closed","template":"","meta":{"_acf_changed":false},"product_brand":[],"product_cat":[741,633],"product_tag":[],"class_list":{"0":"post-24708","1":"product","2":"type-product","3":"status-publish","4":"has-post-thumbnail","6":"product_cat-teclados","7":"product_cat-tecnologia","9":"first","10":"instock","11":"sale","12":"taxable","13":"shipping-taxable","14":"purchasable","15":"product-type-simple"},"acf":[],"_links":{"self":[{"href":"https:\/\/tiendaflex.ec\/en\/wp-json\/wp\/v2\/product\/24708","targetHints":{"allow":["GET"]}}],"collection":[{"href":"https:\/\/tiendaflex.ec\/en\/wp-json\/wp\/v2\/product"}],"about":[{"href":"https:\/\/tiendaflex.ec\/en\/wp-json\/wp\/v2\/types\/product"}],"replies":[{"embeddable":true,"href":"https:\/\/tiendaflex.ec\/en\/wp-json\/wp\/v2\/comments?post=24708"}],"version-history":[{"count":1,"href":"https:\/\/tiendaflex.ec\/en\/wp-json\/wp\/v2\/product\/24708\/revisions"}],"predecessor-version":[{"id":24709,"href":"https:\/\/tiendaflex.ec\/en\/wp-json\/wp\/v2\/product\/24708\/revisions\/24709"}],"wp:featuredmedia":[{"embeddable":true,"href":"https:\/\/tiendaflex.ec\/en\/wp-json\/wp\/v2\/media\/24682"}],"wp:attachment":[{"href":"https:\/\/tiendaflex.ec\/en\/wp-json\/wp\/v2\/media?parent=24708"}],"wp:term":[{"taxonomy":"product_brand","embeddable":true,"href":"https:\/\/tiendaflex.ec\/en\/wp-json\/wp\/v2\/product_brand?post=24708"},{"taxonomy":"product_cat","embeddable":true,"href":"https:\/\/tiendaflex.ec\/en\/wp-json\/wp\/v2\/product_cat?post=24708"},{"taxonomy":"product_tag","embeddable":true,"href":"https:\/\/tiendaflex.ec\/en\/wp-json\/wp\/v2\/product_tag?post=24708"}],"curies":[{"name":"wp","href":"https:\/\/api.w.org\/{rel}","templated":true}]}}