{"id":24665,"date":"2025-09-25T00:16:05","date_gmt":"2025-09-25T05:16:05","guid":{"rendered":"https:\/\/tiendaflex.ec\/?post_type=product&#038;p=24665"},"modified":"2025-09-25T00:16:28","modified_gmt":"2025-09-25T05:16:28","slug":"teclado-k210","status":"publish","type":"product","link":"https:\/\/tiendaflex.ec\/en\/product\/teclado-k210\/","title":{"rendered":"TECLADO K210"},"content":{"rendered":"","protected":false},"excerpt":{"rendered":"<p>Rendimiento port\u00e1til y versatilidad en un dise\u00f1o compacto:<\/p>\n<p>\u2714\ufe0f Conexi\u00f3n m\u00faltiple: 2.4G + Bluetooth (3 canales) + USB Tipo C<br \/>\n\u2714\ufe0f Bater\u00eda recargable: 300 mAh para largas horas de uso<br \/>\n\u2714\ufe0f 78 teclas con dise\u00f1o compacto y funcional<br \/>\n\u2714\ufe0f Distancia de transmisi\u00f3n: hasta 10 metros<br \/>\n\u2714\ufe0f Compatibilidad universal: Mac \/ iOS \/ Windows \/ Android<br \/>\n\u2714\ufe0f Tama\u00f1o: 282 \u00d7 117 \u00d7 11 mm<\/p>\n<p>\ud83d\udcf2 Cont\u00e1ctanos: +593 984 123 231<\/p>\n<p>\u2728 Un solo teclado, todos tus dispositivos. Ideal para oficina, estudio o viajes. \u2728<\/p>","protected":false},"featured_media":24670,"comment_status":"open","ping_status":"closed","template":"","meta":{"_acf_changed":false},"product_brand":[],"product_cat":[741,633],"product_tag":[],"class_list":{"0":"post-24665","1":"product","2":"type-product","3":"status-publish","4":"has-post-thumbnail","6":"product_cat-teclados","7":"product_cat-tecnologia","9":"first","10":"instock","11":"sale","12":"taxable","13":"shipping-taxable","14":"purchasable","15":"product-type-simple"},"acf":[],"_links":{"self":[{"href":"https:\/\/tiendaflex.ec\/en\/wp-json\/wp\/v2\/product\/24665","targetHints":{"allow":["GET"]}}],"collection":[{"href":"https:\/\/tiendaflex.ec\/en\/wp-json\/wp\/v2\/product"}],"about":[{"href":"https:\/\/tiendaflex.ec\/en\/wp-json\/wp\/v2\/types\/product"}],"replies":[{"embeddable":true,"href":"https:\/\/tiendaflex.ec\/en\/wp-json\/wp\/v2\/comments?post=24665"}],"version-history":[{"count":1,"href":"https:\/\/tiendaflex.ec\/en\/wp-json\/wp\/v2\/product\/24665\/revisions"}],"predecessor-version":[{"id":24693,"href":"https:\/\/tiendaflex.ec\/en\/wp-json\/wp\/v2\/product\/24665\/revisions\/24693"}],"wp:featuredmedia":[{"embeddable":true,"href":"https:\/\/tiendaflex.ec\/en\/wp-json\/wp\/v2\/media\/24670"}],"wp:attachment":[{"href":"https:\/\/tiendaflex.ec\/en\/wp-json\/wp\/v2\/media?parent=24665"}],"wp:term":[{"taxonomy":"product_brand","embeddable":true,"href":"https:\/\/tiendaflex.ec\/en\/wp-json\/wp\/v2\/product_brand?post=24665"},{"taxonomy":"product_cat","embeddable":true,"href":"https:\/\/tiendaflex.ec\/en\/wp-json\/wp\/v2\/product_cat?post=24665"},{"taxonomy":"product_tag","embeddable":true,"href":"https:\/\/tiendaflex.ec\/en\/wp-json\/wp\/v2\/product_tag?post=24665"}],"curies":[{"name":"wp","href":"https:\/\/api.w.org\/{rel}","templated":true}]}}