{"id":24616,"date":"2025-09-23T18:53:10","date_gmt":"2025-09-23T23:53:10","guid":{"rendered":"https:\/\/tiendaflex.ec\/?post_type=product&#038;p=24616"},"modified":"2025-09-23T18:53:10","modified_gmt":"2025-09-23T23:53:10","slug":"bk100-soporte-de-audifonos","status":"publish","type":"product","link":"https:\/\/tiendaflex.ec\/en\/product\/bk100-soporte-de-audifonos\/","title":{"rendered":"BK100 &#8211; SOPORTE DE AUD\u00cdFONOS"},"content":{"rendered":"","protected":false},"excerpt":{"rendered":"<p>Organiza tu espacio gamer con estilo, practicidad y un toque de iluminaci\u00f3n.<\/p>\n<p>\u2714\ufe0f Plug and Play, no necesita instalaci\u00f3n de controladores<br \/>\n\u2714\ufe0f Dise\u00f1o desmontable: soporte, tubo de l\u00e1mpara y base f\u00e1ciles de transportar<br \/>\n\u2714\ufe0f Interfaz USB tipo C para m\u00e1xima compatibilidad<br \/>\n\u2714\ufe0f Iluminaci\u00f3n RGB personalizable para tu setup<br \/>\n\u2714\ufe0f Bot\u00f3n t\u00e1ctil para encender\/apagar la luz de manera r\u00e1pida<\/p>\n<p>\ud83d\udcf2 Cont\u00e1ctanos: +593 984 123 231<\/p>\n<p>\u26a1 Mant\u00e9n tus aud\u00edfonos organizados con estilo y luz RGB \u26a1<\/p>","protected":false},"featured_media":24578,"comment_status":"open","ping_status":"closed","template":"","meta":{"_acf_changed":false},"product_brand":[],"product_cat":[660,633],"product_tag":[],"class_list":{"0":"post-24616","1":"product","2":"type-product","3":"status-publish","4":"has-post-thumbnail","6":"product_cat-mouse","7":"product_cat-tecnologia","9":"first","10":"instock","11":"sale","12":"taxable","13":"shipping-taxable","14":"purchasable","15":"product-type-simple"},"acf":[],"_links":{"self":[{"href":"https:\/\/tiendaflex.ec\/en\/wp-json\/wp\/v2\/product\/24616","targetHints":{"allow":["GET"]}}],"collection":[{"href":"https:\/\/tiendaflex.ec\/en\/wp-json\/wp\/v2\/product"}],"about":[{"href":"https:\/\/tiendaflex.ec\/en\/wp-json\/wp\/v2\/types\/product"}],"replies":[{"embeddable":true,"href":"https:\/\/tiendaflex.ec\/en\/wp-json\/wp\/v2\/comments?post=24616"}],"version-history":[{"count":1,"href":"https:\/\/tiendaflex.ec\/en\/wp-json\/wp\/v2\/product\/24616\/revisions"}],"predecessor-version":[{"id":24617,"href":"https:\/\/tiendaflex.ec\/en\/wp-json\/wp\/v2\/product\/24616\/revisions\/24617"}],"wp:featuredmedia":[{"embeddable":true,"href":"https:\/\/tiendaflex.ec\/en\/wp-json\/wp\/v2\/media\/24578"}],"wp:attachment":[{"href":"https:\/\/tiendaflex.ec\/en\/wp-json\/wp\/v2\/media?parent=24616"}],"wp:term":[{"taxonomy":"product_brand","embeddable":true,"href":"https:\/\/tiendaflex.ec\/en\/wp-json\/wp\/v2\/product_brand?post=24616"},{"taxonomy":"product_cat","embeddable":true,"href":"https:\/\/tiendaflex.ec\/en\/wp-json\/wp\/v2\/product_cat?post=24616"},{"taxonomy":"product_tag","embeddable":true,"href":"https:\/\/tiendaflex.ec\/en\/wp-json\/wp\/v2\/product_tag?post=24616"}],"curies":[{"name":"wp","href":"https:\/\/api.w.org\/{rel}","templated":true}]}}