{"id":24565,"date":"2025-09-22T20:29:42","date_gmt":"2025-09-23T01:29:42","guid":{"rendered":"https:\/\/tiendaflex.ec\/?post_type=product&#038;p=24565"},"modified":"2025-09-22T20:29:42","modified_gmt":"2025-09-23T01:29:42","slug":"cp5050-ventilador-gamer","status":"publish","type":"product","link":"https:\/\/tiendaflex.ec\/en\/product\/cp5050-ventilador-gamer\/","title":{"rendered":"CP5050 &#8211; VENTILADOR GAMER"},"content":{"rendered":"","protected":false},"excerpt":{"rendered":"<p>Mant\u00e9n tu laptop fresca mientras juegas y a\u00f1ade estilo con iluminaci\u00f3n personalizable.<\/p>\n<p>\u2714\ufe0f Almohadilla de refrigeraci\u00f3n para juegos que protege y optimiza tu laptop<br \/>\n\u2714\ufe0f Retroiluminaci\u00f3n RGB para un toque gamer \u00fanico<br \/>\n\u2714\ufe0f Altura ajustable en 5 niveles para m\u00e1xima comodidad<br \/>\n\u2714\ufe0f Control de velocidad del viento e iluminaci\u00f3n personalizable<\/p>\n<p>\ud83d\udcf2 Cont\u00e1ctanos: +593 984 123 231<\/p>\n<p>\u2744\ufe0f Mant\u00e9n tu equipo fresco y tu setup con estilo \u2744\ufe0f<\/p>","protected":false},"featured_media":24504,"comment_status":"open","ping_status":"closed","template":"","meta":{"_acf_changed":false},"product_brand":[],"product_cat":[660,633],"product_tag":[],"class_list":{"0":"post-24565","1":"product","2":"type-product","3":"status-publish","4":"has-post-thumbnail","6":"product_cat-mouse","7":"product_cat-tecnologia","9":"first","10":"instock","11":"sale","12":"taxable","13":"shipping-taxable","14":"purchasable","15":"product-type-simple"},"acf":[],"_links":{"self":[{"href":"https:\/\/tiendaflex.ec\/en\/wp-json\/wp\/v2\/product\/24565","targetHints":{"allow":["GET"]}}],"collection":[{"href":"https:\/\/tiendaflex.ec\/en\/wp-json\/wp\/v2\/product"}],"about":[{"href":"https:\/\/tiendaflex.ec\/en\/wp-json\/wp\/v2\/types\/product"}],"replies":[{"embeddable":true,"href":"https:\/\/tiendaflex.ec\/en\/wp-json\/wp\/v2\/comments?post=24565"}],"version-history":[{"count":2,"href":"https:\/\/tiendaflex.ec\/en\/wp-json\/wp\/v2\/product\/24565\/revisions"}],"predecessor-version":[{"id":24567,"href":"https:\/\/tiendaflex.ec\/en\/wp-json\/wp\/v2\/product\/24565\/revisions\/24567"}],"wp:featuredmedia":[{"embeddable":true,"href":"https:\/\/tiendaflex.ec\/en\/wp-json\/wp\/v2\/media\/24504"}],"wp:attachment":[{"href":"https:\/\/tiendaflex.ec\/en\/wp-json\/wp\/v2\/media?parent=24565"}],"wp:term":[{"taxonomy":"product_brand","embeddable":true,"href":"https:\/\/tiendaflex.ec\/en\/wp-json\/wp\/v2\/product_brand?post=24565"},{"taxonomy":"product_cat","embeddable":true,"href":"https:\/\/tiendaflex.ec\/en\/wp-json\/wp\/v2\/product_cat?post=24565"},{"taxonomy":"product_tag","embeddable":true,"href":"https:\/\/tiendaflex.ec\/en\/wp-json\/wp\/v2\/product_tag?post=24565"}],"curies":[{"name":"wp","href":"https:\/\/api.w.org\/{rel}","templated":true}]}}