{"id":24558,"date":"2025-09-22T20:23:22","date_gmt":"2025-09-23T01:23:22","guid":{"rendered":"https:\/\/tiendaflex.ec\/?post_type=product&#038;p=24558"},"modified":"2025-09-22T20:23:22","modified_gmt":"2025-09-23T01:23:22","slug":"pd121-mouse-pad-gamer","status":"publish","type":"product","link":"https:\/\/tiendaflex.ec\/en\/product\/pd121-mouse-pad-gamer\/","title":{"rendered":"PD121 &#8211; MOUSE PAD GAMER"},"content":{"rendered":"","protected":false},"excerpt":{"rendered":"<p>Ampl\u00eda tu espacio de juego y a\u00f1ade estilo con iluminaci\u00f3n RGB personalizable.<\/p>\n<p>\u2714\ufe0f Retroiluminaci\u00f3n RGB para destacar tu setup<br \/>\n\u2714\ufe0f Material resistente: caucho + fibra de alta calidad<br \/>\n\u2714\ufe0f Cable micro USB de 1,80 m para conexi\u00f3n f\u00e1cil<br \/>\n\u2714\ufe0f Dimensiones XL: 87 cm (ancho) x 30 cm (alto)<br \/>\n\u2714\ufe0f Color: Negro<\/p>\n<p>\ud83d\udcf2 Cont\u00e1ctanos: +593 984 123 231<\/p>\n<p>\u26a1 Control total y estilo sin l\u00edmites para tu escritorio gamer \u26a1<\/p>","protected":false},"featured_media":24510,"comment_status":"open","ping_status":"closed","template":"","meta":{"_acf_changed":false},"product_brand":[],"product_cat":[660,633],"product_tag":[],"class_list":{"0":"post-24558","1":"product","2":"type-product","3":"status-publish","4":"has-post-thumbnail","6":"product_cat-mouse","7":"product_cat-tecnologia","9":"first","10":"instock","11":"sale","12":"taxable","13":"shipping-taxable","14":"purchasable","15":"product-type-simple"},"acf":[],"_links":{"self":[{"href":"https:\/\/tiendaflex.ec\/en\/wp-json\/wp\/v2\/product\/24558","targetHints":{"allow":["GET"]}}],"collection":[{"href":"https:\/\/tiendaflex.ec\/en\/wp-json\/wp\/v2\/product"}],"about":[{"href":"https:\/\/tiendaflex.ec\/en\/wp-json\/wp\/v2\/types\/product"}],"replies":[{"embeddable":true,"href":"https:\/\/tiendaflex.ec\/en\/wp-json\/wp\/v2\/comments?post=24558"}],"version-history":[{"count":1,"href":"https:\/\/tiendaflex.ec\/en\/wp-json\/wp\/v2\/product\/24558\/revisions"}],"predecessor-version":[{"id":24559,"href":"https:\/\/tiendaflex.ec\/en\/wp-json\/wp\/v2\/product\/24558\/revisions\/24559"}],"wp:featuredmedia":[{"embeddable":true,"href":"https:\/\/tiendaflex.ec\/en\/wp-json\/wp\/v2\/media\/24510"}],"wp:attachment":[{"href":"https:\/\/tiendaflex.ec\/en\/wp-json\/wp\/v2\/media?parent=24558"}],"wp:term":[{"taxonomy":"product_brand","embeddable":true,"href":"https:\/\/tiendaflex.ec\/en\/wp-json\/wp\/v2\/product_brand?post=24558"},{"taxonomy":"product_cat","embeddable":true,"href":"https:\/\/tiendaflex.ec\/en\/wp-json\/wp\/v2\/product_cat?post=24558"},{"taxonomy":"product_tag","embeddable":true,"href":"https:\/\/tiendaflex.ec\/en\/wp-json\/wp\/v2\/product_tag?post=24558"}],"curies":[{"name":"wp","href":"https:\/\/api.w.org\/{rel}","templated":true}]}}