{"id":24555,"date":"2025-09-22T20:17:51","date_gmt":"2025-09-23T01:17:51","guid":{"rendered":"https:\/\/tiendaflex.ec\/?post_type=product&#038;p=24555"},"modified":"2025-09-22T20:17:51","modified_gmt":"2025-09-23T01:17:51","slug":"soporte-de-audifonos-gamer-u003","status":"publish","type":"product","link":"https:\/\/tiendaflex.ec\/en\/product\/soporte-de-audifonos-gamer-u003\/","title":{"rendered":"SOPORTE DE AUD\u00cdFONOS GAMER U003"},"content":{"rendered":"","protected":false},"excerpt":{"rendered":"<p>Mant\u00e9n tu escritorio ordenado y tu setup gamer con estilo y funcionalidad.<\/p>\n<p>\u2714\ufe0f Retroiluminaci\u00f3n LED que destaca tu espacio gamer<br \/>\n\u2714\ufe0f Base ajustable compatible con cualquier tama\u00f1o de tel\u00e9fono m\u00f3vil<br \/>\n\u2714\ufe0f Interfaces USB y tipo C para alimentar otros dispositivos<br \/>\n\u2714\ufe0f Agarres antideslizantes que aseguran estabilidad<br \/>\n\u2714\ufe0f Dise\u00f1o compacto y resistente para escritorio<\/p>\n<p>\ud83d\udcf2 Cont\u00e1ctanos: +593 984 123 231<\/p>\n<p>\u26a1 Orden, estilo y practicidad para tu setup gamer \u26a1<\/p>","protected":false},"featured_media":24500,"comment_status":"open","ping_status":"closed","template":"","meta":{"_acf_changed":false},"product_brand":[],"product_cat":[660,633],"product_tag":[],"class_list":{"0":"post-24555","1":"product","2":"type-product","3":"status-publish","4":"has-post-thumbnail","6":"product_cat-mouse","7":"product_cat-tecnologia","9":"first","10":"instock","11":"sale","12":"taxable","13":"shipping-taxable","14":"purchasable","15":"product-type-simple"},"acf":[],"_links":{"self":[{"href":"https:\/\/tiendaflex.ec\/en\/wp-json\/wp\/v2\/product\/24555","targetHints":{"allow":["GET"]}}],"collection":[{"href":"https:\/\/tiendaflex.ec\/en\/wp-json\/wp\/v2\/product"}],"about":[{"href":"https:\/\/tiendaflex.ec\/en\/wp-json\/wp\/v2\/types\/product"}],"replies":[{"embeddable":true,"href":"https:\/\/tiendaflex.ec\/en\/wp-json\/wp\/v2\/comments?post=24555"}],"version-history":[{"count":2,"href":"https:\/\/tiendaflex.ec\/en\/wp-json\/wp\/v2\/product\/24555\/revisions"}],"predecessor-version":[{"id":24557,"href":"https:\/\/tiendaflex.ec\/en\/wp-json\/wp\/v2\/product\/24555\/revisions\/24557"}],"wp:featuredmedia":[{"embeddable":true,"href":"https:\/\/tiendaflex.ec\/en\/wp-json\/wp\/v2\/media\/24500"}],"wp:attachment":[{"href":"https:\/\/tiendaflex.ec\/en\/wp-json\/wp\/v2\/media?parent=24555"}],"wp:term":[{"taxonomy":"product_brand","embeddable":true,"href":"https:\/\/tiendaflex.ec\/en\/wp-json\/wp\/v2\/product_brand?post=24555"},{"taxonomy":"product_cat","embeddable":true,"href":"https:\/\/tiendaflex.ec\/en\/wp-json\/wp\/v2\/product_cat?post=24555"},{"taxonomy":"product_tag","embeddable":true,"href":"https:\/\/tiendaflex.ec\/en\/wp-json\/wp\/v2\/product_tag?post=24555"}],"curies":[{"name":"wp","href":"https:\/\/api.w.org\/{rel}","templated":true}]}}