{"id":24455,"date":"2025-09-21T19:06:40","date_gmt":"2025-09-22T00:06:40","guid":{"rendered":"https:\/\/tiendaflex.ec\/?post_type=product&#038;p=24455"},"modified":"2025-09-21T19:06:40","modified_gmt":"2025-09-22T00:06:40","slug":"mk12-teclado-mecanico","status":"publish","type":"product","link":"https:\/\/tiendaflex.ec\/en\/product\/mk12-teclado-mecanico\/","title":{"rendered":"MK12 &#8211; TECLADO MEC\u00c1NICO"},"content":{"rendered":"","protected":false},"excerpt":{"rendered":"<p>Compacto, personalizable y potente: el MK12 ofrece m\u00e1xima comodidad y rendimiento en cada partida, con m\u00faltiples modos de conexi\u00f3n y opciones de personalizaci\u00f3n.<\/p>\n<p>\u2714\ufe0f Dise\u00f1o: 65% compacto<br \/>\n\u2714\ufe0f Conexiones: Bluetooth, Wireless y cable tipo C<br \/>\n\u2714\ufe0f Compatible con: Windows, Android y Mac<br \/>\n\u2714\ufe0f Incluye: pinza para cambiar switch, 5 keycaps personalizables, 2 switches adicionales<br \/>\n\u2714\ufe0f Switch color rojo<br \/>\n\u2714\ufe0f Tecla de bloqueo de Windows<br \/>\n\u2714\ufe0f Driver disponible en la nube<br \/>\n\u2714\ufe0f Color: Gris + Negro<br \/>\n\u2714\ufe0f C\u00f3digo: 20-01-103<\/p>\n<p>\ud83d\udcf2 Cont\u00e1ctanos: +593 984 123 231<\/p>\n<p>\u26a1 \u00a1Compacto, vers\u00e1til y listo para dominar cualquier partida!<\/p>","protected":false},"featured_media":24402,"comment_status":"open","ping_status":"closed","template":"","meta":{"_acf_changed":false},"product_brand":[],"product_cat":[741,633],"product_tag":[],"class_list":{"0":"post-24455","1":"product","2":"type-product","3":"status-publish","4":"has-post-thumbnail","6":"product_cat-teclados","7":"product_cat-tecnologia","9":"first","10":"instock","11":"sale","12":"taxable","13":"shipping-taxable","14":"purchasable","15":"product-type-simple"},"acf":[],"_links":{"self":[{"href":"https:\/\/tiendaflex.ec\/en\/wp-json\/wp\/v2\/product\/24455","targetHints":{"allow":["GET"]}}],"collection":[{"href":"https:\/\/tiendaflex.ec\/en\/wp-json\/wp\/v2\/product"}],"about":[{"href":"https:\/\/tiendaflex.ec\/en\/wp-json\/wp\/v2\/types\/product"}],"replies":[{"embeddable":true,"href":"https:\/\/tiendaflex.ec\/en\/wp-json\/wp\/v2\/comments?post=24455"}],"version-history":[{"count":1,"href":"https:\/\/tiendaflex.ec\/en\/wp-json\/wp\/v2\/product\/24455\/revisions"}],"predecessor-version":[{"id":24456,"href":"https:\/\/tiendaflex.ec\/en\/wp-json\/wp\/v2\/product\/24455\/revisions\/24456"}],"wp:featuredmedia":[{"embeddable":true,"href":"https:\/\/tiendaflex.ec\/en\/wp-json\/wp\/v2\/media\/24402"}],"wp:attachment":[{"href":"https:\/\/tiendaflex.ec\/en\/wp-json\/wp\/v2\/media?parent=24455"}],"wp:term":[{"taxonomy":"product_brand","embeddable":true,"href":"https:\/\/tiendaflex.ec\/en\/wp-json\/wp\/v2\/product_brand?post=24455"},{"taxonomy":"product_cat","embeddable":true,"href":"https:\/\/tiendaflex.ec\/en\/wp-json\/wp\/v2\/product_cat?post=24455"},{"taxonomy":"product_tag","embeddable":true,"href":"https:\/\/tiendaflex.ec\/en\/wp-json\/wp\/v2\/product_tag?post=24455"}],"curies":[{"name":"wp","href":"https:\/\/api.w.org\/{rel}","templated":true}]}}