{"id":24444,"date":"2025-09-21T18:55:19","date_gmt":"2025-09-21T23:55:19","guid":{"rendered":"https:\/\/tiendaflex.ec\/?post_type=product&#038;p=24444"},"modified":"2025-10-12T12:14:20","modified_gmt":"2025-10-12T17:14:20","slug":"mochila-gb-82-heracles","status":"publish","type":"product","link":"https:\/\/tiendaflex.ec\/en\/product\/mochila-gb-82-heracles\/","title":{"rendered":"MOCHILA GB-82 HERACLES"},"content":{"rendered":"","protected":false},"excerpt":{"rendered":"<p>MOCHILA GAMING GB-82 HERACLES \u2013 REDRAGON \u26a1\ud83c\udf92<\/p>\n<p>M\u00e1xima capacidad y funcionalidad para gamers: la mochila Heracles est\u00e1 dise\u00f1ada para transportar tu equipo y accesorios con comodidad y estilo.<\/p>\n<p>\u2714\ufe0f Capacidad para port\u00e1tiles de hasta 18 pulgadas<br \/>\n\u2714\ufe0f Compartimento principal amplio para computadora port\u00e1til<br \/>\n\u2714\ufe0f Compartimento adicional para otros dispositivos electr\u00f3nicos o equipo de juego<br \/>\n\u2714\ufe0f Correas acolchadas y ajustables para mayor comodidad<br \/>\n\u2714\ufe0f Material interno grueso que protege tus accesorios<br \/>\n\u2714\ufe0f Puerto USB lateral para cargar tus dispositivos sin sacarlos<br \/>\n\u2714\ufe0f C\u00f3digo: 10-03-035<\/p>\n<p>\ud83d\udcf2 Cont\u00e1ctanos: +593 984 123 231<\/p>\n<p>\u26a1 \u00a1Transporte seguro y c\u00f3modo para todo tu equipo gaming!<\/p>","protected":false},"featured_media":24403,"comment_status":"open","ping_status":"closed","template":"","meta":{"_acf_changed":false},"product_brand":[],"product_cat":[753],"product_tag":[],"class_list":{"0":"post-24444","1":"product","2":"type-product","3":"status-publish","4":"has-post-thumbnail","6":"product_cat-mochilas-y-bolsos","8":"first","9":"instock","10":"sale","11":"taxable","12":"shipping-taxable","13":"purchasable","14":"product-type-simple"},"acf":[],"_links":{"self":[{"href":"https:\/\/tiendaflex.ec\/en\/wp-json\/wp\/v2\/product\/24444","targetHints":{"allow":["GET"]}}],"collection":[{"href":"https:\/\/tiendaflex.ec\/en\/wp-json\/wp\/v2\/product"}],"about":[{"href":"https:\/\/tiendaflex.ec\/en\/wp-json\/wp\/v2\/types\/product"}],"replies":[{"embeddable":true,"href":"https:\/\/tiendaflex.ec\/en\/wp-json\/wp\/v2\/comments?post=24444"}],"version-history":[{"count":1,"href":"https:\/\/tiendaflex.ec\/en\/wp-json\/wp\/v2\/product\/24444\/revisions"}],"predecessor-version":[{"id":24445,"href":"https:\/\/tiendaflex.ec\/en\/wp-json\/wp\/v2\/product\/24444\/revisions\/24445"}],"wp:featuredmedia":[{"embeddable":true,"href":"https:\/\/tiendaflex.ec\/en\/wp-json\/wp\/v2\/media\/24403"}],"wp:attachment":[{"href":"https:\/\/tiendaflex.ec\/en\/wp-json\/wp\/v2\/media?parent=24444"}],"wp:term":[{"taxonomy":"product_brand","embeddable":true,"href":"https:\/\/tiendaflex.ec\/en\/wp-json\/wp\/v2\/product_brand?post=24444"},{"taxonomy":"product_cat","embeddable":true,"href":"https:\/\/tiendaflex.ec\/en\/wp-json\/wp\/v2\/product_cat?post=24444"},{"taxonomy":"product_tag","embeddable":true,"href":"https:\/\/tiendaflex.ec\/en\/wp-json\/wp\/v2\/product_tag?post=24444"}],"curies":[{"name":"wp","href":"https:\/\/api.w.org\/{rel}","templated":true}]}}