{"id":24440,"date":"2025-09-21T18:50:15","date_gmt":"2025-09-21T23:50:15","guid":{"rendered":"https:\/\/tiendaflex.ec\/?post_type=product&#038;p=24440"},"modified":"2025-09-21T18:50:15","modified_gmt":"2025-09-21T23:50:15","slug":"ha300-soporte-para-auriculares","status":"publish","type":"product","link":"https:\/\/tiendaflex.ec\/en\/product\/ha300-soporte-para-auriculares\/","title":{"rendered":"HA300 &#8211; SOPORTE PARA AURICULARES"},"content":{"rendered":"","protected":false},"excerpt":{"rendered":"<p>SOPORTE PARA AURICULARES Y HUB USB HA300 SCEPTER PRO \ud83c\udf08\ud83c\udfa7<\/p>\n<p>R\u00e1pido, preciso y letal: el Scepter Pro combina organizaci\u00f3n, estilo y practicidad, ideal para gamers que buscan un escritorio ordenado y funcional.<\/p>\n<p>\u2714\ufe0f Soporte para auriculares con hub USB integrado<br \/>\n\u2714\ufe0f Construcci\u00f3n en pl\u00e1stico ABS s\u00faper resistente<br \/>\n\u2714\ufe0f Cable mallado extra\u00edble para iluminaci\u00f3n<br \/>\n\u2714\ufe0f 4 puertos USB para conexi\u00f3n de perif\u00e9ricos<br \/>\n\u2714\ufe0f Retroiluminaci\u00f3n RGB<br \/>\n\u2714\ufe0f C\u00f3digo: 25-01-160<\/p>\n<p>\ud83d\udcf2 Cont\u00e1ctanos: +593 984 123 231<\/p>\n<p>\u26a1 \u00a1Orden, estilo y practicidad para tu setup gamer!<\/p>","protected":false},"featured_media":24398,"comment_status":"open","ping_status":"closed","template":"","meta":{"_acf_changed":false},"product_brand":[],"product_cat":[660,633],"product_tag":[],"class_list":{"0":"post-24440","1":"product","2":"type-product","3":"status-publish","4":"has-post-thumbnail","6":"product_cat-mouse","7":"product_cat-tecnologia","9":"first","10":"instock","11":"sale","12":"taxable","13":"shipping-taxable","14":"purchasable","15":"product-type-simple"},"acf":[],"_links":{"self":[{"href":"https:\/\/tiendaflex.ec\/en\/wp-json\/wp\/v2\/product\/24440","targetHints":{"allow":["GET"]}}],"collection":[{"href":"https:\/\/tiendaflex.ec\/en\/wp-json\/wp\/v2\/product"}],"about":[{"href":"https:\/\/tiendaflex.ec\/en\/wp-json\/wp\/v2\/types\/product"}],"replies":[{"embeddable":true,"href":"https:\/\/tiendaflex.ec\/en\/wp-json\/wp\/v2\/comments?post=24440"}],"version-history":[{"count":1,"href":"https:\/\/tiendaflex.ec\/en\/wp-json\/wp\/v2\/product\/24440\/revisions"}],"predecessor-version":[{"id":24441,"href":"https:\/\/tiendaflex.ec\/en\/wp-json\/wp\/v2\/product\/24440\/revisions\/24441"}],"wp:featuredmedia":[{"embeddable":true,"href":"https:\/\/tiendaflex.ec\/en\/wp-json\/wp\/v2\/media\/24398"}],"wp:attachment":[{"href":"https:\/\/tiendaflex.ec\/en\/wp-json\/wp\/v2\/media?parent=24440"}],"wp:term":[{"taxonomy":"product_brand","embeddable":true,"href":"https:\/\/tiendaflex.ec\/en\/wp-json\/wp\/v2\/product_brand?post=24440"},{"taxonomy":"product_cat","embeddable":true,"href":"https:\/\/tiendaflex.ec\/en\/wp-json\/wp\/v2\/product_cat?post=24440"},{"taxonomy":"product_tag","embeddable":true,"href":"https:\/\/tiendaflex.ec\/en\/wp-json\/wp\/v2\/product_tag?post=24440"}],"curies":[{"name":"wp","href":"https:\/\/api.w.org\/{rel}","templated":true}]}}