{"id":24421,"date":"2025-09-21T18:17:25","date_gmt":"2025-09-21T23:17:25","guid":{"rendered":"https:\/\/tiendaflex.ec\/?post_type=product&#038;p=24421"},"modified":"2025-09-21T18:17:25","modified_gmt":"2025-09-21T23:17:25","slug":"keycap-scarab-a130w-redragon","status":"publish","type":"product","link":"https:\/\/tiendaflex.ec\/en\/product\/keycap-scarab-a130w-redragon\/","title":{"rendered":"KEYCAP SCARAB A130W &#8211; REDRAGON"},"content":{"rendered":"","protected":false},"excerpt":{"rendered":"<p>KEYCAP SCARAB A130W WHITE \u2013 REDRAGON \u2728\u2328\ufe0f<\/p>\n<p>Dale un toque \u00fanico y elegante a tu teclado mec\u00e1nico con los keycaps SCARAB A130W. Dise\u00f1ados para personalizar tu equipo y mejorar la experiencia de escritura y juego.<\/p>\n<p>\u2714\ufe0f Tipo: Keycaps para teclado mec\u00e1nico<br \/>\n\u2714\ufe0f Material: PBT con inyecci\u00f3n doble disparo (grabado que nunca se borra)<br \/>\n\u2714\ufe0f Grosor que garantiza pulsaciones n\u00edtidas y consistentes<br \/>\n\u2714\ufe0f Material transl\u00facido para efectos de iluminaci\u00f3n RGB m\u00e1s brillantes<br \/>\n\u2714\ufe0f Colores disponibles: blanco, rosa y negro<br \/>\n\u2714\ufe0f C\u00f3digo: 01-02-094<\/p>\n<p>\ud83d\udcf2 Cont\u00e1ctanos: +593 984 123 231<\/p>\n<p>\u26a1 \u00a1Personaliza tu teclado y luce un estilo \u00fanico en cada partida!<\/p>","protected":false},"featured_media":24377,"comment_status":"open","ping_status":"closed","template":"","meta":{"_acf_changed":false},"product_brand":[],"product_cat":[741,633],"product_tag":[],"class_list":{"0":"post-24421","1":"product","2":"type-product","3":"status-publish","4":"has-post-thumbnail","6":"product_cat-teclados","7":"product_cat-tecnologia","9":"first","10":"instock","11":"sale","12":"taxable","13":"shipping-taxable","14":"purchasable","15":"product-type-simple"},"acf":[],"_links":{"self":[{"href":"https:\/\/tiendaflex.ec\/en\/wp-json\/wp\/v2\/product\/24421","targetHints":{"allow":["GET"]}}],"collection":[{"href":"https:\/\/tiendaflex.ec\/en\/wp-json\/wp\/v2\/product"}],"about":[{"href":"https:\/\/tiendaflex.ec\/en\/wp-json\/wp\/v2\/types\/product"}],"replies":[{"embeddable":true,"href":"https:\/\/tiendaflex.ec\/en\/wp-json\/wp\/v2\/comments?post=24421"}],"version-history":[{"count":1,"href":"https:\/\/tiendaflex.ec\/en\/wp-json\/wp\/v2\/product\/24421\/revisions"}],"predecessor-version":[{"id":24422,"href":"https:\/\/tiendaflex.ec\/en\/wp-json\/wp\/v2\/product\/24421\/revisions\/24422"}],"wp:featuredmedia":[{"embeddable":true,"href":"https:\/\/tiendaflex.ec\/en\/wp-json\/wp\/v2\/media\/24377"}],"wp:attachment":[{"href":"https:\/\/tiendaflex.ec\/en\/wp-json\/wp\/v2\/media?parent=24421"}],"wp:term":[{"taxonomy":"product_brand","embeddable":true,"href":"https:\/\/tiendaflex.ec\/en\/wp-json\/wp\/v2\/product_brand?post=24421"},{"taxonomy":"product_cat","embeddable":true,"href":"https:\/\/tiendaflex.ec\/en\/wp-json\/wp\/v2\/product_cat?post=24421"},{"taxonomy":"product_tag","embeddable":true,"href":"https:\/\/tiendaflex.ec\/en\/wp-json\/wp\/v2\/product_tag?post=24421"}],"curies":[{"name":"wp","href":"https:\/\/api.w.org\/{rel}","templated":true}]}}