{"id":24417,"date":"2025-09-21T18:13:58","date_gmt":"2025-09-21T23:13:58","guid":{"rendered":"https:\/\/tiendaflex.ec\/?post_type=product&#038;p=24417"},"modified":"2025-09-21T18:13:59","modified_gmt":"2025-09-21T23:13:59","slug":"teclado-k621-rgb","status":"publish","type":"product","link":"https:\/\/tiendaflex.ec\/en\/product\/teclado-k621-rgb\/","title":{"rendered":"TECLADO K621 RGB"},"content":{"rendered":"","protected":false},"excerpt":{"rendered":"<p>TECLADO MEC\u00c1NICO HORUS K621 RGB \ud83d\udd25\u2328\ufe0f<\/p>\n<p>Optimizado para la batalla, el Horus K621 es un teclado mec\u00e1nico Tenkeyless (sin pad num\u00e9rico) dise\u00f1ado para ofrecer m\u00e1ximo rendimiento, comodidad y durabilidad en cada partida.<\/p>\n<p>\u2714\ufe0f Tipo: Tenkeyless (TKL) compacto<br \/>\n\u2714\ufe0f Conexiones: Inal\u00e1mbrica, Bluetooth y cableada<br \/>\n\u2714\ufe0f Retroiluminaci\u00f3n RGB Chroma personalizable<br \/>\n\u2714\ufe0f Accesos r\u00e1pidos mediante tecla FN<br \/>\n\u2714\ufe0f Placa superior de aluminio resistente<br \/>\n\u2714\ufe0f Incluye: pinza para Keycaps, pinza para Switch y 4 Switch de repuesto<\/p>\n<p>\ud83d\udcf2 Cont\u00e1ctanos: +593 984 123 231<\/p>\n<p>\u2694\ufe0f \u00a1Un teclado sublime y poderoso, hecho para dominar la competencia!<\/p>","protected":false},"featured_media":24380,"comment_status":"open","ping_status":"closed","template":"","meta":{"_acf_changed":false},"product_brand":[],"product_cat":[741,633],"product_tag":[],"class_list":{"0":"post-24417","1":"product","2":"type-product","3":"status-publish","4":"has-post-thumbnail","6":"product_cat-teclados","7":"product_cat-tecnologia","9":"first","10":"instock","11":"sale","12":"taxable","13":"shipping-taxable","14":"purchasable","15":"product-type-simple"},"acf":[],"_links":{"self":[{"href":"https:\/\/tiendaflex.ec\/en\/wp-json\/wp\/v2\/product\/24417","targetHints":{"allow":["GET"]}}],"collection":[{"href":"https:\/\/tiendaflex.ec\/en\/wp-json\/wp\/v2\/product"}],"about":[{"href":"https:\/\/tiendaflex.ec\/en\/wp-json\/wp\/v2\/types\/product"}],"replies":[{"embeddable":true,"href":"https:\/\/tiendaflex.ec\/en\/wp-json\/wp\/v2\/comments?post=24417"}],"version-history":[{"count":1,"href":"https:\/\/tiendaflex.ec\/en\/wp-json\/wp\/v2\/product\/24417\/revisions"}],"predecessor-version":[{"id":24418,"href":"https:\/\/tiendaflex.ec\/en\/wp-json\/wp\/v2\/product\/24417\/revisions\/24418"}],"wp:featuredmedia":[{"embeddable":true,"href":"https:\/\/tiendaflex.ec\/en\/wp-json\/wp\/v2\/media\/24380"}],"wp:attachment":[{"href":"https:\/\/tiendaflex.ec\/en\/wp-json\/wp\/v2\/media?parent=24417"}],"wp:term":[{"taxonomy":"product_brand","embeddable":true,"href":"https:\/\/tiendaflex.ec\/en\/wp-json\/wp\/v2\/product_brand?post=24417"},{"taxonomy":"product_cat","embeddable":true,"href":"https:\/\/tiendaflex.ec\/en\/wp-json\/wp\/v2\/product_cat?post=24417"},{"taxonomy":"product_tag","embeddable":true,"href":"https:\/\/tiendaflex.ec\/en\/wp-json\/wp\/v2\/product_tag?post=24417"}],"curies":[{"name":"wp","href":"https:\/\/api.w.org\/{rel}","templated":true}]}}