{"id":24314,"date":"2025-09-19T10:31:54","date_gmt":"2025-09-19T15:31:54","guid":{"rendered":"https:\/\/tiendaflex.ec\/?post_type=product&#038;p=24314"},"modified":"2025-09-19T10:31:54","modified_gmt":"2025-09-19T15:31:54","slug":"toalla-canastilla","status":"publish","type":"product","link":"https:\/\/tiendaflex.ec\/en\/product\/toalla-canastilla\/","title":{"rendered":"TOALLA CANASTILLA"},"content":{"rendered":"","protected":false},"excerpt":{"rendered":"<p>Cuida la piel de los m\u00e1s peque\u00f1os con nuestras toallas de canastilla, elaboradas en 100% algod\u00f3n de alta densidad para brindar absorci\u00f3n y suavidad incomparables.<\/p>\n<p>\u2714\ufe0f Material: 100% Algod\u00f3n<br \/>\n\u2714\ufe0f Gramaje: 690 gr<br \/>\n\u2714\ufe0f Suaves y resistentes<br \/>\n\u2714\ufe0f Ideales para reci\u00e9n nacidos y beb\u00e9s<\/p>\n<p>\ud83d\udcde Cont\u00e1ctanos al +593984123231<\/p>\n<p>\u2728 \u00a1La suavidad y cuidado que tu beb\u00e9 merece! \u2728<\/p>","protected":false},"featured_media":24218,"comment_status":"open","ping_status":"closed","template":"","meta":{"_acf_changed":false},"product_brand":[],"product_cat":[677,642,729],"product_tag":[],"class_list":{"0":"post-24314","1":"product","2":"type-product","3":"status-publish","4":"has-post-thumbnail","6":"product_cat-descanso","7":"product_cat-ropa-de-cama","8":"product_cat-toallas","10":"first","11":"instock","12":"sale","13":"taxable","14":"shipping-taxable","15":"purchasable","16":"product-type-variable"},"acf":[],"_links":{"self":[{"href":"https:\/\/tiendaflex.ec\/en\/wp-json\/wp\/v2\/product\/24314","targetHints":{"allow":["GET"]}}],"collection":[{"href":"https:\/\/tiendaflex.ec\/en\/wp-json\/wp\/v2\/product"}],"about":[{"href":"https:\/\/tiendaflex.ec\/en\/wp-json\/wp\/v2\/types\/product"}],"replies":[{"embeddable":true,"href":"https:\/\/tiendaflex.ec\/en\/wp-json\/wp\/v2\/comments?post=24314"}],"version-history":[{"count":2,"href":"https:\/\/tiendaflex.ec\/en\/wp-json\/wp\/v2\/product\/24314\/revisions"}],"predecessor-version":[{"id":24318,"href":"https:\/\/tiendaflex.ec\/en\/wp-json\/wp\/v2\/product\/24314\/revisions\/24318"}],"wp:featuredmedia":[{"embeddable":true,"href":"https:\/\/tiendaflex.ec\/en\/wp-json\/wp\/v2\/media\/24218"}],"wp:attachment":[{"href":"https:\/\/tiendaflex.ec\/en\/wp-json\/wp\/v2\/media?parent=24314"}],"wp:term":[{"taxonomy":"product_brand","embeddable":true,"href":"https:\/\/tiendaflex.ec\/en\/wp-json\/wp\/v2\/product_brand?post=24314"},{"taxonomy":"product_cat","embeddable":true,"href":"https:\/\/tiendaflex.ec\/en\/wp-json\/wp\/v2\/product_cat?post=24314"},{"taxonomy":"product_tag","embeddable":true,"href":"https:\/\/tiendaflex.ec\/en\/wp-json\/wp\/v2\/product_tag?post=24314"}],"curies":[{"name":"wp","href":"https:\/\/api.w.org\/{rel}","templated":true}]}}