{"id":24283,"date":"2025-09-19T10:01:57","date_gmt":"2025-09-19T15:01:57","guid":{"rendered":"https:\/\/tiendaflex.ec\/?post_type=product&#038;p=24283"},"modified":"2025-09-19T10:01:57","modified_gmt":"2025-09-19T15:01:57","slug":"aio-v130-computadora-lenovo","status":"publish","type":"product","link":"https:\/\/tiendaflex.ec\/en\/product\/aio-v130-computadora-lenovo\/","title":{"rendered":"AIO V130 &#8211; COMPUTADORA LENOVO"},"content":{"rendered":"","protected":false},"excerpt":{"rendered":"<p>Optimiza tu espacio y tu productividad con la Lenovo AIO V130, un equipo todo en uno que combina potencia, almacenamiento y una pantalla amplia, ideal para oficina, estudio o uso personal.<\/p>\n<p>\u2714\ufe0f Modelo: 201GM-J4025<br \/>\n\u2714\ufe0f Procesador: Intel Celeron J4025<br \/>\n\u2714\ufe0f RAM: 4GB<br \/>\n\u2714\ufe0f Pantalla: 19.5\u201d<br \/>\n\u2714\ufe0f Almacenamiento: 1TB HDD + 256GB SSD M.2<br \/>\n\u2714\ufe0f Sistema: Freedos<\/p>\n<p>\ud83d\udcf2 Cont\u00e1ctanos: +593984123231<\/p>\n<p>\u2728 \u00a1Un equipo pr\u00e1ctico, veloz y con todo lo que necesitas para tu d\u00eda a d\u00eda! \u2728<\/p>","protected":false},"featured_media":24203,"comment_status":"open","ping_status":"closed","template":"","meta":{"_acf_changed":false},"product_brand":[],"product_cat":[635,633],"product_tag":[],"class_list":{"0":"post-24283","1":"product","2":"type-product","3":"status-publish","4":"has-post-thumbnail","6":"product_cat-laptops","7":"product_cat-tecnologia","9":"first","10":"instock","11":"sale","12":"taxable","13":"shipping-taxable","14":"purchasable","15":"product-type-simple"},"acf":[],"_links":{"self":[{"href":"https:\/\/tiendaflex.ec\/en\/wp-json\/wp\/v2\/product\/24283","targetHints":{"allow":["GET"]}}],"collection":[{"href":"https:\/\/tiendaflex.ec\/en\/wp-json\/wp\/v2\/product"}],"about":[{"href":"https:\/\/tiendaflex.ec\/en\/wp-json\/wp\/v2\/types\/product"}],"replies":[{"embeddable":true,"href":"https:\/\/tiendaflex.ec\/en\/wp-json\/wp\/v2\/comments?post=24283"}],"version-history":[{"count":1,"href":"https:\/\/tiendaflex.ec\/en\/wp-json\/wp\/v2\/product\/24283\/revisions"}],"predecessor-version":[{"id":24284,"href":"https:\/\/tiendaflex.ec\/en\/wp-json\/wp\/v2\/product\/24283\/revisions\/24284"}],"wp:featuredmedia":[{"embeddable":true,"href":"https:\/\/tiendaflex.ec\/en\/wp-json\/wp\/v2\/media\/24203"}],"wp:attachment":[{"href":"https:\/\/tiendaflex.ec\/en\/wp-json\/wp\/v2\/media?parent=24283"}],"wp:term":[{"taxonomy":"product_brand","embeddable":true,"href":"https:\/\/tiendaflex.ec\/en\/wp-json\/wp\/v2\/product_brand?post=24283"},{"taxonomy":"product_cat","embeddable":true,"href":"https:\/\/tiendaflex.ec\/en\/wp-json\/wp\/v2\/product_cat?post=24283"},{"taxonomy":"product_tag","embeddable":true,"href":"https:\/\/tiendaflex.ec\/en\/wp-json\/wp\/v2\/product_tag?post=24283"}],"curies":[{"name":"wp","href":"https:\/\/api.w.org\/{rel}","templated":true}]}}