{"id":24277,"date":"2025-09-19T09:57:06","date_gmt":"2025-09-19T14:57:06","guid":{"rendered":"https:\/\/tiendaflex.ec\/?post_type=product&#038;p=24277"},"modified":"2025-09-19T09:57:06","modified_gmt":"2025-09-19T14:57:06","slug":"fn60-ventilador-para-laptop","status":"publish","type":"product","link":"https:\/\/tiendaflex.ec\/en\/product\/fn60-ventilador-para-laptop\/","title":{"rendered":"FN60 &#8211; VENTILADOR PARA LAPTOP"},"content":{"rendered":"","protected":false},"excerpt":{"rendered":"<p>Mant\u00e9n tu port\u00e1til siempre fresco y trabaja con total comodidad gracias al ventilador OVI FN60, dise\u00f1ado con iluminaci\u00f3n RGB y soporte adicional para tu celular. Ideal para laptops de hasta 16\u201d.<\/p>\n<p>\u2714\ufe0f Marca: OVI<br \/>\n\u2714\ufe0f Modelo: FN60<br \/>\n\u2714\ufe0f Material: Hierro + Pl\u00e1stico ABS<br \/>\n\u2714\ufe0f Peso: 0.87 kg<br \/>\n\u2714\ufe0f Tama\u00f1o: 360 \u00d7 255 \u00d7 28 mm<br \/>\n\u2714\ufe0f Compatibilidad: Laptops de 10 a 16\u201d<br \/>\n\u2714\ufe0f 2 puertos USB<br \/>\n\u2714\ufe0f 5 \u00e1ngulos ajustables<br \/>\n\u2714\ufe0f 10 modos RGB<br \/>\n\u2714\ufe0f Con soporte para celular<\/p>\n<p>\ud83d\udcf2 Cont\u00e1ctanos: +593984123231<\/p>\n<p>\u2728 \u00a1Refrigera tu laptop y trabaja con estilo! \u2728<\/p>","protected":false},"featured_media":24210,"comment_status":"open","ping_status":"closed","template":"","meta":{"_acf_changed":false},"product_brand":[],"product_cat":[660,633],"product_tag":[],"class_list":{"0":"post-24277","1":"product","2":"type-product","3":"status-publish","4":"has-post-thumbnail","6":"product_cat-mouse","7":"product_cat-tecnologia","9":"first","10":"instock","11":"sale","12":"taxable","13":"shipping-taxable","14":"purchasable","15":"product-type-simple"},"acf":[],"_links":{"self":[{"href":"https:\/\/tiendaflex.ec\/en\/wp-json\/wp\/v2\/product\/24277","targetHints":{"allow":["GET"]}}],"collection":[{"href":"https:\/\/tiendaflex.ec\/en\/wp-json\/wp\/v2\/product"}],"about":[{"href":"https:\/\/tiendaflex.ec\/en\/wp-json\/wp\/v2\/types\/product"}],"replies":[{"embeddable":true,"href":"https:\/\/tiendaflex.ec\/en\/wp-json\/wp\/v2\/comments?post=24277"}],"version-history":[{"count":1,"href":"https:\/\/tiendaflex.ec\/en\/wp-json\/wp\/v2\/product\/24277\/revisions"}],"predecessor-version":[{"id":24278,"href":"https:\/\/tiendaflex.ec\/en\/wp-json\/wp\/v2\/product\/24277\/revisions\/24278"}],"wp:featuredmedia":[{"embeddable":true,"href":"https:\/\/tiendaflex.ec\/en\/wp-json\/wp\/v2\/media\/24210"}],"wp:attachment":[{"href":"https:\/\/tiendaflex.ec\/en\/wp-json\/wp\/v2\/media?parent=24277"}],"wp:term":[{"taxonomy":"product_brand","embeddable":true,"href":"https:\/\/tiendaflex.ec\/en\/wp-json\/wp\/v2\/product_brand?post=24277"},{"taxonomy":"product_cat","embeddable":true,"href":"https:\/\/tiendaflex.ec\/en\/wp-json\/wp\/v2\/product_cat?post=24277"},{"taxonomy":"product_tag","embeddable":true,"href":"https:\/\/tiendaflex.ec\/en\/wp-json\/wp\/v2\/product_tag?post=24277"}],"curies":[{"name":"wp","href":"https:\/\/api.w.org\/{rel}","templated":true}]}}