{"id":24275,"date":"2025-09-19T09:54:50","date_gmt":"2025-09-19T14:54:50","guid":{"rendered":"https:\/\/tiendaflex.ec\/?post_type=product&#038;p=24275"},"modified":"2025-09-19T09:54:50","modified_gmt":"2025-09-19T14:54:50","slug":"toalla-buggati","status":"publish","type":"product","link":"https:\/\/tiendaflex.ec\/en\/product\/toalla-buggati\/","title":{"rendered":"TOALLA BUGGATI"},"content":{"rendered":"","protected":false},"excerpt":{"rendered":"<p>Envuelve tu piel con la m\u00e1xima comodidad y calidad que ofrece la Toalla Buggati. Fabricada en 100% algod\u00f3n, brinda una absorci\u00f3n superior y una textura suave que la hace perfecta para el uso diario.<\/p>\n<p>\u2714\ufe0f Material: 100% Algod\u00f3n<br \/>\n\u2714\ufe0f Gramaje: 450 gr<br \/>\n\u2714\ufe0f Medidas: 70 cm x 140 cm<br \/>\n\u2714\ufe0f Absorbente, resistente y duradera<\/p>\n<p>\ud83d\udcf2 Cont\u00e1ctanos al +593984123231<\/p>\n<p>\u2728 Calidad premium para tu rutina de ba\u00f1o \u2728<\/p>","protected":false},"featured_media":24207,"comment_status":"open","ping_status":"closed","template":"","meta":{"_acf_changed":false},"product_brand":[],"product_cat":[677,642,729],"product_tag":[],"class_list":{"0":"post-24275","1":"product","2":"type-product","3":"status-publish","4":"has-post-thumbnail","6":"product_cat-descanso","7":"product_cat-ropa-de-cama","8":"product_cat-toallas","10":"first","11":"instock","12":"sale","13":"taxable","14":"shipping-taxable","15":"purchasable","16":"product-type-simple"},"acf":[],"_links":{"self":[{"href":"https:\/\/tiendaflex.ec\/en\/wp-json\/wp\/v2\/product\/24275","targetHints":{"allow":["GET"]}}],"collection":[{"href":"https:\/\/tiendaflex.ec\/en\/wp-json\/wp\/v2\/product"}],"about":[{"href":"https:\/\/tiendaflex.ec\/en\/wp-json\/wp\/v2\/types\/product"}],"replies":[{"embeddable":true,"href":"https:\/\/tiendaflex.ec\/en\/wp-json\/wp\/v2\/comments?post=24275"}],"version-history":[{"count":1,"href":"https:\/\/tiendaflex.ec\/en\/wp-json\/wp\/v2\/product\/24275\/revisions"}],"predecessor-version":[{"id":24276,"href":"https:\/\/tiendaflex.ec\/en\/wp-json\/wp\/v2\/product\/24275\/revisions\/24276"}],"wp:featuredmedia":[{"embeddable":true,"href":"https:\/\/tiendaflex.ec\/en\/wp-json\/wp\/v2\/media\/24207"}],"wp:attachment":[{"href":"https:\/\/tiendaflex.ec\/en\/wp-json\/wp\/v2\/media?parent=24275"}],"wp:term":[{"taxonomy":"product_brand","embeddable":true,"href":"https:\/\/tiendaflex.ec\/en\/wp-json\/wp\/v2\/product_brand?post=24275"},{"taxonomy":"product_cat","embeddable":true,"href":"https:\/\/tiendaflex.ec\/en\/wp-json\/wp\/v2\/product_cat?post=24275"},{"taxonomy":"product_tag","embeddable":true,"href":"https:\/\/tiendaflex.ec\/en\/wp-json\/wp\/v2\/product_tag?post=24275"}],"curies":[{"name":"wp","href":"https:\/\/api.w.org\/{rel}","templated":true}]}}