{"id":24273,"date":"2025-09-19T09:52:07","date_gmt":"2025-09-19T14:52:07","guid":{"rendered":"https:\/\/tiendaflex.ec\/?post_type=product&#038;p=24273"},"modified":"2025-09-19T09:52:07","modified_gmt":"2025-09-19T14:52:07","slug":"manta-churo-ovejera","status":"publish","type":"product","link":"https:\/\/tiendaflex.ec\/en\/product\/manta-churo-ovejera\/","title":{"rendered":"MANTA CHURO OVEJERA"},"content":{"rendered":"","protected":false},"excerpt":{"rendered":"<p>Disfruta de la suavidad y abrigo de nuestra manta churo ovejera, perfecta para acompa\u00f1ar tus momentos de descanso en el sof\u00e1 o para a\u00f1adir calidez a tu cama.<br \/>\nUn cl\u00e1sico que combina comodidad y estilo artesanal.<\/p>\n<p>\u2714\ufe0f Tama\u00f1o est\u00e1ndar: 2m x 1,70m<br \/>\n\u2714\ufe0f Textura suave y acogedora<br \/>\n\u2714\ufe0f Ideal para clima fr\u00edo<br \/>\n\u2714\ufe0f Consulta por los colores disponibles<\/p>\n<p>\ud83d\udcf2 Cont\u00e1ctanos al +593984123231<\/p>\n<p>\u2728 \u00a1El complemento perfecto para tu hogar! \u2728<\/p>","protected":false},"featured_media":24195,"comment_status":"open","ping_status":"closed","template":"","meta":{"_acf_changed":false},"product_brand":[],"product_cat":[644,677,642],"product_tag":[],"class_list":{"0":"post-24273","1":"product","2":"type-product","3":"status-publish","4":"has-post-thumbnail","6":"product_cat-cobijas","7":"product_cat-descanso","8":"product_cat-ropa-de-cama","10":"first","11":"instock","12":"sale","13":"taxable","14":"shipping-taxable","15":"purchasable","16":"product-type-simple"},"acf":[],"_links":{"self":[{"href":"https:\/\/tiendaflex.ec\/en\/wp-json\/wp\/v2\/product\/24273","targetHints":{"allow":["GET"]}}],"collection":[{"href":"https:\/\/tiendaflex.ec\/en\/wp-json\/wp\/v2\/product"}],"about":[{"href":"https:\/\/tiendaflex.ec\/en\/wp-json\/wp\/v2\/types\/product"}],"replies":[{"embeddable":true,"href":"https:\/\/tiendaflex.ec\/en\/wp-json\/wp\/v2\/comments?post=24273"}],"version-history":[{"count":1,"href":"https:\/\/tiendaflex.ec\/en\/wp-json\/wp\/v2\/product\/24273\/revisions"}],"predecessor-version":[{"id":24274,"href":"https:\/\/tiendaflex.ec\/en\/wp-json\/wp\/v2\/product\/24273\/revisions\/24274"}],"wp:featuredmedia":[{"embeddable":true,"href":"https:\/\/tiendaflex.ec\/en\/wp-json\/wp\/v2\/media\/24195"}],"wp:attachment":[{"href":"https:\/\/tiendaflex.ec\/en\/wp-json\/wp\/v2\/media?parent=24273"}],"wp:term":[{"taxonomy":"product_brand","embeddable":true,"href":"https:\/\/tiendaflex.ec\/en\/wp-json\/wp\/v2\/product_brand?post=24273"},{"taxonomy":"product_cat","embeddable":true,"href":"https:\/\/tiendaflex.ec\/en\/wp-json\/wp\/v2\/product_cat?post=24273"},{"taxonomy":"product_tag","embeddable":true,"href":"https:\/\/tiendaflex.ec\/en\/wp-json\/wp\/v2\/product_tag?post=24273"}],"curies":[{"name":"wp","href":"https:\/\/api.w.org\/{rel}","templated":true}]}}